{"id":1898,"date":"2026-01-11T17:23:57","date_gmt":"2026-01-11T15:23:57","guid":{"rendered":"https:\/\/salusry.fi\/?page_id=1898"},"modified":"2026-02-27T20:25:49","modified_gmt":"2026-02-27T18:25:49","slug":"yhteistyo","status":"publish","type":"page","link":"https:\/\/salusry.fi\/index.php\/ota-yhteytta\/yhteistyo\/","title":{"rendered":"Yhteisty\u00f6"},"content":{"rendered":"\n<h2 class=\"wp-block-heading has-text-align-center\">Yhteisty\u00f6<\/h2>\n\n\n\n<h2 class=\"wp-block-heading has-text-align-center\">____<\/h2>\n\n\n\n<h4 class=\"wp-block-heading has-text-align-left\"><strong>Haluatko tehd\u00e4 kanssamme yhteisty\u00f6t\u00e4? <\/strong><\/h4>\n\n\n\n<p class=\"has-text-align-left\">Salus ry tekee yhteisty\u00f6t\u00e4 vuosittain muiden ainej\u00e4rjest\u00f6jen, liittojen ja yritysten kanssa. Tarjoamme yrityksille ja organisaatioille n\u00e4kyvyytt\u00e4 opiskelijayhteis\u00f6ss\u00e4mme monien sis\u00e4lt\u00f6mahdollisuuksien kautta ja <mark style=\"background-color:rgba(0, 0, 0, 0)\" class=\"has-inline-color has-primary-color\">muodostamme mielell\u00e4mme juuri teille sopivan kokonaisuuden.<\/mark><\/p>\n\n\n\n<h5 class=\"wp-block-heading\"><strong>N\u00e4kyvyysyhteisty\u00f6, tavoita tulevat ammattilaiset<\/strong><\/h5>\n\n\n\n<p>Yhteisty\u00f6 tuo n\u00e4kyvyytt\u00e4 opiskelijayhteis\u00f6ss\u00e4mme somen, tapahtumien ja j\u00e4rjest\u00f6n viestinn\u00e4n kautta. Yhteisty\u00f6t sopivat kumppaneille, jotka haluavat vahvistaa tunnettavuutta terveys- ja hyvinvointialan opiskelijoiden parissa. <strong>Mahdollisia sis\u00e4lt\u00f6mahdollisuuksia:<\/strong><\/p>\n\n\n\n<ul class=\"wp-block-list\">\n<li>Yrityksen logo tapahtumamateriaaleissa<\/li>\n\n\n\n<li>Maininnat Salus ry:n sosiaalisessa mediassa (Instagram, TikTok)<\/li>\n\n\n\n<li>Yrityksen logon n\u00e4kyvyys verkkosivuilla yhteisty\u00f6 -osiossa, josta yrityksen logoa klikkaamalla p\u00e4\u00e4see yrityksen kotisivuille<\/li>\n<\/ul>\n\n\n\n<p><\/p>\n\n\n\n<h5 class=\"wp-block-heading\"><strong>Opiskelijoiden hyvinvoinnin positiivinen tukeminen<\/strong><\/h5>\n\n\n\n<p>Yrityksenne voi tukea opiskelijoiden arkea ja jaksamista tarjoamalla sis\u00e4lt\u00f6j\u00e4, tuotteita tai taloudellista tukea hyvinvointia edist\u00e4viin tapahtumiin. T\u00e4m\u00e4 yhteisty\u00f6 rakentaa vastuullista ja opiskelijal\u00e4ht\u00f6ist\u00e4 mielikuvaa yrityksest\u00e4nne. <strong>Tapoja osallistua:<\/strong><\/p>\n\n\n\n<ul class=\"wp-block-list\">\n<li>Tapahtuma- tai teemap\u00e4iv\u00e4sponsorointi<\/li>\n\n\n\n<li>Ty\u00f6pajat ja asiantuntijaluennot<\/li>\n\n\n\n<li>Tuoten\u00e4ytteet, tarjottavat tai alennuskoodit opiskelijoille<\/li>\n\n\n\n<li>Yhteiset hyvinvointikampanjat<\/li>\n<\/ul>\n\n\n\n<p><\/p>\n\n\n\n<h5 class=\"wp-block-heading\"><strong>Rekrytointi &amp; ty\u00f6nantajamielikuva<\/strong><\/h5>\n\n\n\n<p>Salus ry:n kautta yrityksenne voi tavoittaa motivoituneita terveysalan opiskelijoita, jotka ovat tulevia terveyden edist\u00e4misen, hoitoty\u00f6n ja tutkimuksen ammattilaisia. <strong>Yhteisty\u00f6 voi sis\u00e4lt\u00e4\u00e4:<\/strong><\/p>\n\n\n\n<ul class=\"wp-block-list\">\n<li>Yritysesittelytilaisuuksia<\/li>\n\n\n\n<li>Pop\u2011up\u2011standin tapahtumassa<\/li>\n\n\n\n<li>Lyhyit\u00e4 ty\u00f6nantajainfoja<\/li>\n\n\n\n<li>N\u00e4kyvyytt\u00e4 rekrytointikanavissamme<\/li>\n<\/ul>\n\n\n\n<p><\/p>\n\n\n\n<h5 class=\"wp-block-heading\"><strong>Yrtityksen logon n\u00e4kyvyys verkkosivuilla<\/strong><\/h5>\n\n\n\n<p>Verkkosivumme mahdollistavat yritykselle n\u00e4kyvyyden kasvattamisen terveystieteiden opiskelijoiden keskuudessa. Tarjoamme erilaisia yhtesity\u00f6paketteja sponsoroinnista, joiden avulla kumppani saa pitk\u00e4j\u00e4nteist\u00e4 ja uskottavaa tavoittavuutta opiskelijayhteis\u00f6ss\u00e4mme. <\/p>\n\n\n\n<h5 class=\"wp-block-heading\"><strong>Haalari<\/strong>yhteisty\u00f6<\/h5>\n\n\n\n<p>Tilaamme joka syksy uusille opiskelijoille haalarit, joiden kautta tarjoamme kumppanille:<\/p>\n\n\n\n<ul class=\"wp-block-list\">\n<li>N\u00e4kyvyytt\u00e4 opiskelijayhteis\u00f6ss\u00e4mme verkkosivujen, somen ja j\u00e4rjest\u00f6n viestinn\u00e4n kautta <\/li>\n\n\n\n<li>Yhteisty\u00f6 vahvistaa tunnettavuutta terveys- ja hyvinvointialan opiskelijoiden parissa.<\/li>\n\n\n\n<li>Rakentaa vastuullista ja opiskelijal\u00e4ht\u00f6ist\u00e4 mielikuvaa yrityksest\u00e4nne.<\/li>\n\n\n\n<li>Tavoittaa motivoituneita terveysalan opiskelijoita, jotka ovat tulevia terveyden edist\u00e4misen, hoitoty\u00f6n ja tutkimuksen ammattilaisia.<\/li>\n<\/ul>\n\n\n\n<p><\/p>\n\n\n\n<div style=\"height:100px\" aria-hidden=\"true\" class=\"wp-block-spacer\"><\/div>\n\n\n\n<h6 class=\"wp-block-heading\">Yhteisty\u00f6ss\u00e4:<\/h6>\n\n\n\n<div class=\"wp-block-columns is-layout-flex wp-container-core-columns-is-layout-9d6595d7 wp-block-columns-is-layout-flex\">\n<div class=\"wp-block-column is-layout-flow wp-block-column-is-layout-flow\" style=\"flex-basis:100%\">\n<figure class=\"wp-block-gallery has-nested-images columns-default is-cropped wp-block-gallery-1 is-layout-flex wp-block-gallery-is-layout-flex\">\n<figure class=\"wp-block-image size-large is-resized\"><img decoding=\"async\" src=\"https:\/\/portal.messukeskus.com\/wp-content\/uploads\/2023\/12\/logo_600x600-002.png\" alt=\"\" style=\"width:154px;height:auto\"\/><\/figure>\n\n\n\n<figure class=\"wp-block-image size-large is-resized\"><img decoding=\"async\" src=\"https:\/\/aky.fi\/wp-content\/uploads\/2021\/03\/23.png\" alt=\"\" style=\"width:161px;height:auto\"\/><\/figure>\n<\/figure>\n\n\n<div class=\"wp-block-image\">\n<figure class=\"aligncenter size-large is-resized\"><img decoding=\"async\" src=\"https:\/\/upload.wikimedia.org\/wikipedia\/fi\/7\/7f\/Yhteiskunta-alan_korkeakoulutetut_logo.png\" alt=\"\" style=\"aspect-ratio:1.2714541605601692;width:167px;height:auto\"\/><\/figure>\n<\/div>\n\n\n<div class=\"wp-block-columns is-layout-flex wp-container-core-columns-is-layout-9d6595d7 wp-block-columns-is-layout-flex\">\n<div class=\"wp-block-column is-layout-flow wp-block-column-is-layout-flow\" style=\"flex-basis:100%\"><\/div>\n<\/div>\n<\/div>\n<\/div>\n\n\n\n<div class=\"wp-block-group alignfull has-background-color has-white-color has-black-background-color has-text-color has-background has-link-color wp-elements-5f9ef1c8613591e98c49df9654552c22 is-content-justification-center is-nowrap is-layout-flex wp-container-core-group-is-layout-873c97bd wp-block-group-is-layout-flex\" style=\"min-height:40vh;margin-top:0;margin-bottom:0;padding-top:var(--wp--preset--spacing--60);padding-right:var(--wp--preset--spacing--40);padding-bottom:var(--wp--preset--spacing--60);padding-left:var(--wp--preset--spacing--40)\">\n<div class=\"wp-block-columns alignwide has-small-font-size is-layout-flex wp-container-core-columns-is-layout-9d6595d7 wp-block-columns-is-layout-flex\">\n<div class=\"wp-block-column is-vertically-aligned-stretch is-layout-flow wp-block-column-is-layout-flow\">\n<h6 class=\"wp-block-heading has-text-align-left has-text-color has-link-color wp-elements-efe86d70639fa574a9bb6c3456dad27c\" style=\"color:#ffffff\">Yhteystiedot<\/h6>\n\n\n\n<div class=\"wp-block-group is-vertical is-layout-flex wp-container-core-group-is-layout-8cf370e7 wp-block-group-is-layout-flex\">\n<p>Terveystieteiden ainej\u00e4rjest\u00f6 Salus ry<\/p>\n\n\n\n<p>Tampereen yliopisto<\/p>\n\n\n\n<p>Arvo Ylp\u00f6n katu 34<\/p>\n\n\n\n<p>33520 Tampere<\/p>\n<\/div>\n\n\n\n<div style=\"height:24px\" aria-hidden=\"true\" class=\"wp-block-spacer\"><\/div>\n<\/div>\n\n\n\n<div class=\"wp-block-column is-layout-flow wp-block-column-is-layout-flow\">\n<h6 class=\"wp-block-heading has-text-align-left has-text-color has-link-color wp-elements-479b3cb8eacab0435ac48689810b86cc\" style=\"color:#fffefe\">somekanavat<\/h6>\n\n\n\n<ul class=\"wp-block-social-links alignleft has-large-icon-size has-icon-color has-icon-background-color is-style-default is-layout-flex wp-block-social-links-is-layout-flex\"><li style=\"color:#ffffff;background-color:#000000;\" class=\"wp-social-link wp-social-link-instagram has-white-color has-primary-background-color wp-block-social-link\"><a href=\"https:\/\/www.instagram.com\/salusry\/\" class=\"wp-block-social-link-anchor\"><svg width=\"24\" height=\"24\" viewBox=\"0 0 24 24\" version=\"1.1\" xmlns=\"http:\/\/www.w3.org\/2000\/svg\" aria-hidden=\"true\" focusable=\"false\"><path d=\"M12,4.622c2.403,0,2.688,0.009,3.637,0.052c0.877,0.04,1.354,0.187,1.671,0.31c0.42,0.163,0.72,0.358,1.035,0.673 c0.315,0.315,0.51,0.615,0.673,1.035c0.123,0.317,0.27,0.794,0.31,1.671c0.043,0.949,0.052,1.234,0.052,3.637 s-0.009,2.688-0.052,3.637c-0.04,0.877-0.187,1.354-0.31,1.671c-0.163,0.42-0.358,0.72-0.673,1.035 c-0.315,0.315-0.615,0.51-1.035,0.673c-0.317,0.123-0.794,0.27-1.671,0.31c-0.949,0.043-1.233,0.052-3.637,0.052 s-2.688-0.009-3.637-0.052c-0.877-0.04-1.354-0.187-1.671-0.31c-0.42-0.163-0.72-0.358-1.035-0.673 c-0.315-0.315-0.51-0.615-0.673-1.035c-0.123-0.317-0.27-0.794-0.31-1.671C4.631,14.688,4.622,14.403,4.622,12 s0.009-2.688,0.052-3.637c0.04-0.877,0.187-1.354,0.31-1.671c0.163-0.42,0.358-0.72,0.673-1.035 c0.315-0.315,0.615-0.51,1.035-0.673c0.317-0.123,0.794-0.27,1.671-0.31C9.312,4.631,9.597,4.622,12,4.622 M12,3 C9.556,3,9.249,3.01,8.289,3.054C7.331,3.098,6.677,3.25,6.105,3.472C5.513,3.702,5.011,4.01,4.511,4.511 c-0.5,0.5-0.808,1.002-1.038,1.594C3.25,6.677,3.098,7.331,3.054,8.289C3.01,9.249,3,9.556,3,12c0,2.444,0.01,2.751,0.054,3.711 c0.044,0.958,0.196,1.612,0.418,2.185c0.23,0.592,0.538,1.094,1.038,1.594c0.5,0.5,1.002,0.808,1.594,1.038 c0.572,0.222,1.227,0.375,2.185,0.418C9.249,20.99,9.556,21,12,21s2.751-0.01,3.711-0.054c0.958-0.044,1.612-0.196,2.185-0.418 c0.592-0.23,1.094-0.538,1.594-1.038c0.5-0.5,0.808-1.002,1.038-1.594c0.222-0.572,0.375-1.227,0.418-2.185 C20.99,14.751,21,14.444,21,12s-0.01-2.751-0.054-3.711c-0.044-0.958-0.196-1.612-0.418-2.185c-0.23-0.592-0.538-1.094-1.038-1.594 c-0.5-0.5-1.002-0.808-1.594-1.038c-0.572-0.222-1.227-0.375-2.185-0.418C14.751,3.01,14.444,3,12,3L12,3z M12,7.378 c-2.552,0-4.622,2.069-4.622,4.622S9.448,16.622,12,16.622s4.622-2.069,4.622-4.622S14.552,7.378,12,7.378z M12,15 c-1.657,0-3-1.343-3-3s1.343-3,3-3s3,1.343,3,3S13.657,15,12,15z M16.804,6.116c-0.596,0-1.08,0.484-1.08,1.08 s0.484,1.08,1.08,1.08c0.596,0,1.08-0.484,1.08-1.08S17.401,6.116,16.804,6.116z\"><\/path><\/svg><span class=\"wp-block-social-link-label screen-reader-text\">Instagram<\/span><\/a><\/li>\n\n<li style=\"color:#ffffff;background-color:#000000;\" class=\"wp-social-link wp-social-link-tiktok has-white-color has-primary-background-color wp-block-social-link\"><a href=\"https:\/\/www.tiktok.com\/@salus_ry?_r=1&#038;_t=ZN-92yq11aWv3P\" class=\"wp-block-social-link-anchor\"><svg width=\"24\" height=\"24\" viewBox=\"0 0 32 32\" version=\"1.1\" xmlns=\"http:\/\/www.w3.org\/2000\/svg\" aria-hidden=\"true\" focusable=\"false\"><path d=\"M16.708 0.027c1.745-0.027 3.48-0.011 5.213-0.027 0.105 2.041 0.839 4.12 2.333 5.563 1.491 1.479 3.6 2.156 5.652 2.385v5.369c-1.923-0.063-3.855-0.463-5.6-1.291-0.76-0.344-1.468-0.787-2.161-1.24-0.009 3.896 0.016 7.787-0.025 11.667-0.104 1.864-0.719 3.719-1.803 5.255-1.744 2.557-4.771 4.224-7.88 4.276-1.907 0.109-3.812-0.411-5.437-1.369-2.693-1.588-4.588-4.495-4.864-7.615-0.032-0.667-0.043-1.333-0.016-1.984 0.24-2.537 1.495-4.964 3.443-6.615 2.208-1.923 5.301-2.839 8.197-2.297 0.027 1.975-0.052 3.948-0.052 5.923-1.323-0.428-2.869-0.308-4.025 0.495-0.844 0.547-1.485 1.385-1.819 2.333-0.276 0.676-0.197 1.427-0.181 2.145 0.317 2.188 2.421 4.027 4.667 3.828 1.489-0.016 2.916-0.88 3.692-2.145 0.251-0.443 0.532-0.896 0.547-1.417 0.131-2.385 0.079-4.76 0.095-7.145 0.011-5.375-0.016-10.735 0.025-16.093z\" \/><\/svg><span class=\"wp-block-social-link-label screen-reader-text\">TikTok<\/span><\/a><\/li>\n\n<li style=\"color:#ffffff;background-color:#000000;\" class=\"wp-social-link wp-social-link-linkedin has-white-color has-primary-background-color wp-block-social-link\"><a href=\"https:\/\/www.google.com\/url?sa=t&#038;source=web&#038;rct=j&#038;opi=89978449&#038;url=https:\/\/fi.linkedin.com\/in\/terveystieteiden-ainej%25C3%25A4rjest%25C3%25B6-salus-ry-927807139&#038;ved=2ahUKEwiDqd7Pt-iSAxVXIRAIHU9WA1AQFnoECBkQAQ&#038;usg=AOvVaw1iucUkVeuBb_uqkiIBkUm1\" class=\"wp-block-social-link-anchor\"><svg width=\"24\" height=\"24\" viewBox=\"0 0 24 24\" version=\"1.1\" xmlns=\"http:\/\/www.w3.org\/2000\/svg\" aria-hidden=\"true\" focusable=\"false\"><path d=\"M19.7,3H4.3C3.582,3,3,3.582,3,4.3v15.4C3,20.418,3.582,21,4.3,21h15.4c0.718,0,1.3-0.582,1.3-1.3V4.3 C21,3.582,20.418,3,19.7,3z M8.339,18.338H5.667v-8.59h2.672V18.338z M7.004,8.574c-0.857,0-1.549-0.694-1.549-1.548 c0-0.855,0.691-1.548,1.549-1.548c0.854,0,1.547,0.694,1.547,1.548C8.551,7.881,7.858,8.574,7.004,8.574z M18.339,18.338h-2.669 v-4.177c0-0.996-0.017-2.278-1.387-2.278c-1.389,0-1.601,1.086-1.601,2.206v4.249h-2.667v-8.59h2.559v1.174h0.037 c0.356-0.675,1.227-1.387,2.526-1.387c2.703,0,3.203,1.779,3.203,4.092V18.338z\"><\/path><\/svg><span class=\"wp-block-social-link-label screen-reader-text\">LinkedIn<\/span><\/a><\/li><\/ul>\n<\/div>\n\n\n\n<div class=\"wp-block-column is-layout-flow wp-block-column-is-layout-flow\">\n<h6 class=\"wp-block-heading has-text-align-left has-text-color has-link-color wp-elements-50b4a8a75c8825f46841328b8fc8969a\" style=\"color:#ffffff\">AINEJ\u00c4RJEST\u00d6TILA<\/h6>\n\n\n\n<div class=\"wp-block-group is-vertical is-layout-flex wp-container-core-group-is-layout-8cf370e7 wp-block-group-is-layout-flex\">\n<p class=\"has-text-align-center\">Ainej\u00e4rjest\u00f6tila Saltsu <\/p>\n\n\n\n<p>Kaupin kampus<\/p>\n\n\n\n<p>Huone F112<\/p>\n\n\n\n<p>Arvo Ylp\u00f6n katu 34<\/p>\n\n\n\n<p class=\"has-text-align-center\">33520 Tampere<\/p>\n\n\n\n<p class=\"has-text-align-center\"><span style=\"caret-color: rgb(0, 0, 0); color: rgb(0, 0, 0); font-family: -webkit-standard; font-size: medium; white-space: normal;\">&nbsp;<\/span><\/p>\n\n\n\n<div class=\"wp-block-columns is-layout-flex wp-container-core-columns-is-layout-9d6595d7 wp-block-columns-is-layout-flex\">\n<div class=\"wp-block-column is-layout-flow wp-block-column-is-layout-flow\" style=\"flex-basis:100%\"><\/div>\n<\/div>\n<\/div>\n<\/div>\n<\/div>\n\n\n\n<p class=\"has-text-align-right\" style=\"font-size:13px\">Salus ry <a href=\"https:\/\/drive.google.com\/file\/d\/1H2RSx44AHSTD1OdW5by_ktaQgFrsyEKg\/view\">Tietosuojaseloste<\/a><\/p>\n<\/div>\n","protected":false},"excerpt":{"rendered":"<p>Yhteisty\u00f6 ____ Haluatko tehd\u00e4 kanssamme yhteisty\u00f6t\u00e4? Salus ry tekee yhteisty\u00f6t\u00e4 vuosittain muiden ainej\u00e4rjest\u00f6jen, liittojen ja yritysten kanssa. Tarjoamme yrityksille ja organisaatioille n\u00e4kyvyytt\u00e4 opiskelijayhteis\u00f6ss\u00e4mme monien sis\u00e4lt\u00f6mahdollisuuksien kautta ja muodostamme mielell\u00e4mme juuri teille sopivan kokonaisuuden. N\u00e4kyvyysyhteisty\u00f6, tavoita tulevat ammattilaiset Yhteisty\u00f6 tuo n\u00e4kyvyytt\u00e4 opiskelijayhteis\u00f6ss\u00e4mme somen, tapahtumien ja j\u00e4rjest\u00f6n viestinn\u00e4n kautta. Yhteisty\u00f6t sopivat kumppaneille, jotka haluavat vahvistaa tunnettavuutta terveys- [&hellip;]<\/p>\n","protected":false},"author":1,"featured_media":0,"parent":1897,"menu_order":0,"comment_status":"closed","ping_status":"closed","template":"","meta":{"footnotes":""},"class_list":["post-1898","page","type-page","status-publish","hentry"],"_links":{"self":[{"href":"https:\/\/salusry.fi\/index.php\/wp-json\/wp\/v2\/pages\/1898","targetHints":{"allow":["GET"]}}],"collection":[{"href":"https:\/\/salusry.fi\/index.php\/wp-json\/wp\/v2\/pages"}],"about":[{"href":"https:\/\/salusry.fi\/index.php\/wp-json\/wp\/v2\/types\/page"}],"author":[{"embeddable":true,"href":"https:\/\/salusry.fi\/index.php\/wp-json\/wp\/v2\/users\/1"}],"replies":[{"embeddable":true,"href":"https:\/\/salusry.fi\/index.php\/wp-json\/wp\/v2\/comments?post=1898"}],"version-history":[{"count":17,"href":"https:\/\/salusry.fi\/index.php\/wp-json\/wp\/v2\/pages\/1898\/revisions"}],"predecessor-version":[{"id":2544,"href":"https:\/\/salusry.fi\/index.php\/wp-json\/wp\/v2\/pages\/1898\/revisions\/2544"}],"up":[{"embeddable":true,"href":"https:\/\/salusry.fi\/index.php\/wp-json\/wp\/v2\/pages\/1897"}],"wp:attachment":[{"href":"https:\/\/salusry.fi\/index.php\/wp-json\/wp\/v2\/media?parent=1898"}],"curies":[{"name":"wp","href":"https:\/\/api.w.org\/{rel}","templated":true}]}}