{"id":2131,"date":"2026-01-14T17:42:18","date_gmt":"2026-01-14T15:42:18","guid":{"rendered":"https:\/\/salusry.fi\/?page_id=2131"},"modified":"2026-01-17T13:48:58","modified_gmt":"2026-01-17T11:48:58","slug":"vanhat-hallitukset","status":"publish","type":"page","link":"https:\/\/salusry.fi\/index.php\/vanhat-hallitukset\/","title":{"rendered":"Vanhat hallitukset"},"content":{"rendered":"\n<h2 class=\"wp-block-heading\">Vanhat hallitukset<\/h2>\n\n\n\n<h3 class=\"wp-block-heading has-text-align-center\">2026<\/h3>\n\n\n\n<p><strong>Puheenjohtaja<\/strong> Ulla M\u00e4kel\u00e4<\/p>\n\n\n\n<p><strong>Varapuheenjohtaja<\/strong> Elsa Eerola<\/p>\n\n\n\n<p><strong>Sihteeri<\/strong> Roosa M\u00e4kinen<\/p>\n\n\n\n<p><strong>Rahastonhoitaja<\/strong> Johanna Marttila<\/p>\n\n\n\n<p><strong>Viestint\u00e4vastaava<\/strong> Viivi Hakala<\/p>\n\n\n\n<p><strong>Tapahtumavastaava<\/strong> Milja Pasanen<\/p>\n\n\n\n<p><strong>Ty\u00f6el\u00e4m\u00e4-, excu- ja alumnivastaava <\/strong>&#8211;<\/p>\n\n\n\n<p><strong>Tuutorvastaava<\/strong> Jenny B\u00e4ckman<\/p>\n\n\n\n<p><strong>Liikunta-, hyvinvointi-, ymp\u00e4rist\u00f6- ja kulttuurivastaava<\/strong> Tiia Lempinen<\/p>\n\n\n\n<p><strong>Yrityssuhde- ja varainhankintavastaava<\/strong> Jonna Pitk\u00e4nen<\/p>\n\n\n\n<p><strong>Koulutus- ja sosiaalipoliittinen vastaava<\/strong> Anni Koski<\/p>\n\n\n\n<div class=\"wp-block-group is-vertical is-layout-flex wp-container-core-group-is-layout-8cf370e7 wp-block-group-is-layout-flex\">\n<p><strong>Varajasenet:<\/strong><\/p>\n\n\n\n<p>Emilia P\u00f6ysti<\/p>\n\n\n\n<p>Anna Willf\u00f6r<\/p>\n<\/div>\n\n\n\n<h3 class=\"wp-block-heading has-text-align-center\">2025<\/h3>\n\n\n\n<p><strong>Puheenjohtaja<\/strong> Ulla M\u00e4kel\u00e4<\/p>\n\n\n\n<p><strong>Varapuheenjohtaja<\/strong> Johanna Marttila<\/p>\n\n\n\n<p><strong>Sihteeri<\/strong> Jessica Iv\u00e9n<\/p>\n\n\n\n<p><strong>Rahastonhoitaja<\/strong> Olivia Niskanen<\/p>\n\n\n\n<p><strong>Viestint\u00e4vastaava<\/strong> Valentina Varjoranta<\/p>\n\n\n\n<p><strong>Tapahtumavastaava<\/strong> Milja Pasanen<\/p>\n\n\n\n<p><strong>Tapahtumavastaava<\/strong> Anni Oksanen<\/p>\n\n\n\n<p><strong>Ty\u00f6el\u00e4m\u00e4-, excu- ja alumnivastaava <\/strong>Helmi Roikonen<\/p>\n\n\n\n<p><strong>Tuutorvastaava<\/strong> Emilia P\u00f6ysti<\/p>\n\n\n\n<p><strong>Liikunta-, hyvinvointi-, ymp\u00e4rist\u00f6- ja kulttuurivastaava<\/strong> Roope Myllym\u00e4ki<\/p>\n\n\n\n<p><strong>Yrityssuhde- ja varainhankintavastaava<\/strong> Maiju Siitonen<\/p>\n\n\n\n<p><strong>Koulutus- ja sosiaalipoliittinen vastaava<\/strong> Jenny B\u00e4ckman<\/p>\n\n\n\n<p><strong>Varajasen<\/strong> Elsa Eerola<\/p>\n\n\n\n<h3 class=\"wp-block-heading has-text-align-center\">2024<\/h3>\n\n\n\n<p><strong>Puheenjohtaja<\/strong> Seela-Kaarina Tuutti<\/p>\n\n\n\n<p><strong>Varapuheenjohtaja<\/strong> ja <strong>Tuutorvastaava<\/strong> Ulla M\u00e4kel\u00e4<\/p>\n\n\n\n<p><strong>Sihteeri<\/strong> Hanna Haapaniemi<\/p>\n\n\n\n<p><strong>Rahastonhoitaja<\/strong> ja <strong>Koulutus- ja sosiaalipoliittinen vastaava<\/strong> Iida Satokangas<\/p>\n\n\n\n<p><strong>Viestint\u00e4vastaava<\/strong> Johanna Marttila<\/p>\n\n\n\n<p><strong>Tapahtumavastaava<\/strong> Marika Kuntij\u00e4rvi<\/p>\n\n\n\n<p><strong>Ty\u00f6el\u00e4m\u00e4-, excu- ja alumnivastaava <\/strong>Jessica Iv\u00e9n<\/p>\n\n\n\n<p><strong>Liikunta-, hyvinvointi-, ymp\u00e4rist\u00f6- ja kulttuurivastaava<\/strong> Mira Keppola<\/p>\n\n\n\n<p><strong>Yrityssuhde- ja varainhankintavastaava<\/strong> Emilia P\u00f6ysti<\/p>\n\n\n\n<p><\/p>\n\n\n\n<h3 class=\"wp-block-heading has-text-align-center\">2023<\/h3>\n\n\n\n<p><strong>Puheenjohtaja<\/strong> Maiju Kahlman<\/p>\n\n\n\n<p><strong>Varapuheenjohtaja<\/strong> ja <strong>Tuutorvastaava<\/strong> Jasmine J\u00e4rventausta<\/p>\n\n\n\n<p><strong>Sihteeri<\/strong> Silja Laakso<\/p>\n\n\n\n<p><strong>Rahastonhoitaja<\/strong> Jenni Laaksonen <\/p>\n\n\n\n<p><strong>Koulutus- ja sosiaalipoliittinen vastaava<\/strong> Ulla M\u00e4kel\u00e4<\/p>\n\n\n\n<p><strong>Viestint\u00e4- ja tapahtumavastaava<\/strong> Seela-Kaarina Tuutti<\/p>\n\n\n\n<p><strong>Tapahtumavastaava<\/strong> Marika Kuntij\u00e4rvi<\/p>\n\n\n\n<p><strong>Ty\u00f6el\u00e4m\u00e4-, excu- ja alumnivastaava <\/strong>Anna Poskiparta<\/p>\n\n\n\n<p><strong>Liikunta-, hyvinvointi-, ymp\u00e4rist\u00f6- ja kulttuurivastaava<\/strong> Ester Havulainen<\/p>\n\n\n\n<p><strong>Tuutorvastaava<\/strong> Suvi-Maria Saikkala<\/p>\n\n\n\n<p><\/p>\n\n\n\n<h3 class=\"wp-block-heading has-text-align-center\">2022<\/h3>\n\n\n\n<p><strong>Puheenjohtaja<\/strong> Sanni Toivonen<\/p>\n\n\n\n<p><strong>Varapuheenjohtaja<\/strong> ja <strong>viestint\u00e4- ja ty\u00f6el\u00e4m\u00e4vastaava<\/strong> Maiju Kahlman<\/p>\n\n\n\n<p><strong>Sihteeri<\/strong> ja <strong>tapahtumavastaava<\/strong> Silja Laakso<\/p>\n\n\n\n<p><strong>Talous- ja ty\u00f6el\u00e4m\u00e4vastaava<\/strong> Jenni Laaksonen<\/p>\n\n\n\n<p><strong>Koulutuspoliittinen vastaava<\/strong> Laura Ven\u00e4l\u00e4inen<\/p>\n\n\n\n<p><strong>Tuutorvastaava<\/strong> Suvi-Maria Saikkala<\/p>\n\n\n\n<p><strong>KV- ja tapahtumavastaava<\/strong> Anna Poskiparta<\/p>\n\n\n\n<p><strong>Sosiaalipoliittinen vastaava <\/strong>Miko Kotiniemi<\/p>\n\n\n\n<p><strong>Ymp\u00e4rist\u00f6vastaava<\/strong> Heli Saari<\/p>\n\n\n\n<p><strong>Saltsuvastaava<\/strong> Iida Staack<\/p>\n\n\n\n<p><strong>Varaj\u00e4sen<\/strong> Antti Asp<\/p>\n\n\n\n<h3 class=\"wp-block-heading has-text-align-center\">2021<\/h3>\n\n\n\n<div class=\"wp-block-group is-vertical is-layout-flex wp-container-core-group-is-layout-8cf370e7 wp-block-group-is-layout-flex\">\n<p><strong>Puheenjohtaja<\/strong> Sanni Toivonen<br><strong>Varapuheenjohtaja<\/strong> Henna Numminen<br><strong>Talousvastaava<\/strong> Teemu Anttinen<br><strong>Sihteeri<\/strong> Kamilla Ry\u00f6ti<br><strong>J\u00e4senet<\/strong>: <\/p>\n\n\n\n<p>Maiju Kahlman<br>Jasmine J\u00e4rventausta<br>Laura Ven\u00e4l\u00e4inen<br>Iida Staack<br>Janika Yl\u00f6nen<br>Miko Kotiniemi<br>Annina Rosenqvist<br>Meri Vikstr\u00f6m<\/p>\n<\/div>\n\n\n\n<h3 class=\"wp-block-heading has-text-align-center\">2020<\/h3>\n\n\n\n<div class=\"wp-block-group is-vertical is-layout-flex wp-container-core-group-is-layout-8cf370e7 wp-block-group-is-layout-flex\">\n<p><strong>Puheenjohtaja:<br><\/strong>Ellen Munkki<\/p>\n\n\n\n<p><strong>Varapuheenjohtaja ja Saltsuvastaava:<br><\/strong>Etta Salminen<\/p>\n\n\n\n<p><strong>P\u00e4\u00e4sihteeri:<br><\/strong>Ella Plaami<\/p>\n\n\n\n<p><strong>Tapahtumavastaava:<br><\/strong>Jasmine J\u00e4rventausta<\/p>\n\n\n\n<p><strong>Liikunta-, hyvinvointi- ja tapahtumavastaava, ymp\u00e4rist\u00f6- ja sosiaalipoliittinen vastaava:<br><\/strong>Kamilla Ry\u00f6ti<\/p>\n\n\n\n<p><strong>Talous- ja viestint\u00e4vastaava:<br><\/strong>Henna Numminen<\/p>\n\n\n\n<p><strong>Tuutorvastaava:<br><\/strong>Sonja Peussa<\/p>\n\n\n\n<p><strong>Ty\u00f6el\u00e4m\u00e4- ja alumnivastaava:<br><\/strong>Meri Vikstr\u00f6m<\/p>\n\n\n\n<p><strong>Koulutuspoliittinen ja YTY-vastaava:<br><\/strong>Fanny Kaivonen<\/p>\n\n\n\n<p><strong>Tapahtumatoimihenkil\u00f6:<br><\/strong>Aleksi Das<\/p>\n<\/div>\n\n\n\n<h3 class=\"wp-block-heading has-text-align-center\">2019<\/h3>\n\n\n\n<div class=\"wp-block-group is-vertical is-layout-flex wp-container-core-group-is-layout-8cf370e7 wp-block-group-is-layout-flex\">\n<p><strong>Puheenjohtaja:<\/strong><br>Nelli Nyg\u00e5rd<\/p>\n\n\n\n<p><strong>Varapuheenjohtaja, tuutorvastaava ja ainej\u00e4rjest\u00f6vastaava:<\/strong><br>Ellen Munkki<\/p>\n\n\n\n<p><strong>Talous- ja ymp\u00e4rist\u00f6vastaava:<\/strong><br>Henna Numminen<\/p>\n\n\n\n<p><strong>P\u00e4\u00e4sihteeri ja sosiaalipoliittinen vastaava:<\/strong><br>Ella Plaami<\/p>\n\n\n\n<p><strong>Viestint\u00e4- ja kv-vastaava:<\/strong><br>Jazmina Lehtovirta<\/p>\n\n\n\n<p><strong>Tapahtumavastaava ja ty\u00f6el\u00e4m\u00e4- ja koulutuspoliittinen vastaava:<\/strong><br>Etta Salminen<\/p>\n\n\n\n<p><strong>Liikunta-, tapahtuma- ja hyvinvointivastaava:<\/strong><br>Aleksi Das<\/p>\n\n\n\n<p><\/p>\n\n\n\n<h3 class=\"wp-block-heading has-text-align-center\">2018<\/h3>\n<\/div>\n\n\n\n<div class=\"wp-block-group is-vertical is-layout-flex wp-container-core-group-is-layout-8cf370e7 wp-block-group-is-layout-flex\">\n<p><strong>Puheenjohtaja:<br><\/strong>Taru Salo<\/p>\n\n\n\n<p><strong>Varapuheenjohtaja ja ainej\u00e4rjest\u00f6tilavastaava:<br><\/strong>Nelli Nyg\u00e5rd<\/p>\n\n\n\n<p><strong>Talousvastaava:<br><\/strong>Tuomas Lampinen<\/p>\n\n\n\n<p><strong>P\u00e4\u00e4sihteeri:<br><\/strong>Etta Salminen<\/p>\n\n\n\n<p><strong>Kopo-vastaava (opiskelijaedunvalvonta):<br><\/strong>Mira Tikkanen<\/p>\n\n\n\n<p><strong>Viestint\u00e4vastaava ja kv-vastaava:<br><\/strong>Juliaana Nauha<\/p>\n\n\n\n<p><strong>Liikunta- ja hyvinvointivastaava ja tutorvastaava:<br><\/strong>Anni Haavisto<\/p>\n\n\n\n<p><strong>Ty\u00f6el\u00e4m\u00e4vastaava ja tapahtumavastaava:<br><\/strong>Charlotta \u00d6sterman<\/p>\n\n\n\n<p><strong>Tapahtumavastaava:<br><\/strong>Ellen Munkki<\/p>\n\n\n\n<p><strong>Kopo-vastaava (Tampere3 ja YTY) ja sopovastaava 1\/2018-7\/2018:<br><\/strong>Milla Hiitti<\/p>\n\n\n\n<p><\/p>\n\n\n\n<h3 class=\"wp-block-heading has-text-align-center\">2017<\/h3>\n\n\n\n<p><strong>Puheenjohtaja:<br><\/strong>Mona Jaari<strong><br>Varapuheenjohtaja 5\/2017-, Viestint\u00e4vastaava<br>(entinen ty\u00f6el\u00e4m\u00e4vastaava 1\/2017-5\/2017):<br><\/strong>Riikka Kankaanp\u00e4\u00e4<\/p>\n\n\n\n<p><strong>Talousvastaava 5\/2017-<\/strong><br><strong>(entinen varapuheenjohtaja 1\/2017-5\/2017):<\/strong><br>Satu Vironen<strong><br>Talousassistentti 5\/2017-<br>(entinen tapahtumavastaava 1\/2017-5\/2017):<\/strong><br>Niina Pekkanen<strong><br>P\u00e4\u00e4sihteeri &amp; Sopovastaava:<br><\/strong>Taru Salo<strong><br>Kopo-vastaava:<br><\/strong>Teppo Kunnari<strong><br>Liikunta-,hyvinvointi- ja tutorvastaava:<br><\/strong>Jasmin Airinen<strong><br>Kv-vastaava ja tutorvastaava:<br><\/strong>Noora Tommila<strong><br>Tapahtumavastaava<br>Ty\u00f6el\u00e4m\u00e4vastaava 5\/2017-:<br><\/strong>Susanna Hatakka<strong><br>Tapahtumavastaava:<br><\/strong>Ilona Rank<\/p>\n\n\n\n<p><strong>Tapahtumavastaava:<br><\/strong>Nelli Nyg\u00e5rd<\/p>\n\n\n\n<p><strong>(Talousvastaava ja hallituksen j\u00e4sen 1\/2017-5\/2017 v\u00e4lisen ajan):<br><\/strong>Sina Nordman<\/p>\n\n\n\n<p><\/p>\n<\/div>\n\n\n\n<h3 class=\"wp-block-heading has-text-align-center\">2016<\/h3>\n\n\n\n<div class=\"wp-block-group is-vertical is-layout-flex wp-container-core-group-is-layout-8cf370e7 wp-block-group-is-layout-flex\">\n<p><strong>Puheenjohtaja<\/strong><br>Annukka Ruokolainen<\/p>\n\n\n\n<p><strong>Varapuheenjohtaja &amp; Talousvastaava<br><\/strong>Sina Nordman<\/p>\n\n\n\n<p><strong>Sihteeri &amp; Tuutorvastaava<br><\/strong>Tiina Koponen<\/p>\n\n\n\n<p><strong>Viestint\u00e4vastaava &amp; Talousassistentti<br><\/strong>Mia F\u00e4rm<\/p>\n\n\n\n<p><strong>Tuutorvastaava &amp; kv-vastaava<br><\/strong>Salla Juutinen<\/p>\n\n\n\n<p><strong>Kopo-vastaava<br><\/strong>(1\/2016-7\/2016):<br>Veli-Matti Partanen<\/p>\n\n\n\n<p><strong>Ty\u00f6el\u00e4m\u00e4vastaava<br><\/strong>Anna Heikkil\u00e4<\/p>\n\n\n\n<p><strong>Liikunta- ja hyvinvointivastaava<br>Sopo-vastaava<\/strong> (8\/2016-12\/2016):<br>Mona Jaari<\/p>\n\n\n\n<p><strong>Tapahtumavastaava<\/strong> (1\/2016-9\/2016):<br>Eeva-Reetta Erkkil\u00e4<\/p>\n\n\n\n<p><strong>Tapahtumavastaava<\/strong><br>Satu Vironen<\/p>\n\n\n\n<p><strong>Tapahtumavastaava<\/strong> (5\/2016-12\/2016):<br>Jasmin Airinen<\/p>\n<\/div>\n\n\n\n<h3 class=\"wp-block-heading has-text-align-center\">2015<\/h3>\n\n\n\n<div style=\"height:100px\" aria-hidden=\"true\" class=\"wp-block-spacer\"><\/div>\n\n\n<div class=\"wp-block-image\">\n<figure class=\"aligncenter size-full is-resized\"><a href=\"http:\/\/salusry.fi\/wp-content\/uploads\/2026\/01\/cropped-1.png\"><img loading=\"lazy\" decoding=\"async\" width=\"896\" height=\"672\" src=\"http:\/\/salusry.fi\/wp-content\/uploads\/2026\/01\/cropped-1.png\" alt=\"\" class=\"wp-image-2169\" style=\"width:356px;height:auto\" srcset=\"https:\/\/salusry.fi\/wp-content\/uploads\/2026\/01\/cropped-1.png 896w, https:\/\/salusry.fi\/wp-content\/uploads\/2026\/01\/cropped-1-300x225.png 300w, https:\/\/salusry.fi\/wp-content\/uploads\/2026\/01\/cropped-1-768x576.png 768w\" sizes=\"auto, (max-width: 896px) 100vw, 896px\" \/><\/a><\/figure>\n<\/div>\n\n\n<p><\/p>\n","protected":false},"excerpt":{"rendered":"<p>Vanhat hallitukset 2026 Puheenjohtaja Ulla M\u00e4kel\u00e4 Varapuheenjohtaja Elsa Eerola Sihteeri Roosa M\u00e4kinen Rahastonhoitaja Johanna Marttila Viestint\u00e4vastaava Viivi Hakala Tapahtumavastaava Milja Pasanen Ty\u00f6el\u00e4m\u00e4-, excu- ja alumnivastaava &#8211; Tuutorvastaava Jenny B\u00e4ckman Liikunta-, hyvinvointi-, ymp\u00e4rist\u00f6- ja kulttuurivastaava Tiia Lempinen Yrityssuhde- ja varainhankintavastaava Jonna Pitk\u00e4nen Koulutus- ja sosiaalipoliittinen vastaava Anni Koski Varajasenet: Emilia P\u00f6ysti Anna Willf\u00f6r 2025 Puheenjohtaja Ulla [&hellip;]<\/p>\n","protected":false},"author":1,"featured_media":0,"parent":0,"menu_order":0,"comment_status":"closed","ping_status":"closed","template":"","meta":{"footnotes":""},"class_list":["post-2131","page","type-page","status-publish","hentry"],"_links":{"self":[{"href":"https:\/\/salusry.fi\/index.php\/wp-json\/wp\/v2\/pages\/2131","targetHints":{"allow":["GET"]}}],"collection":[{"href":"https:\/\/salusry.fi\/index.php\/wp-json\/wp\/v2\/pages"}],"about":[{"href":"https:\/\/salusry.fi\/index.php\/wp-json\/wp\/v2\/types\/page"}],"author":[{"embeddable":true,"href":"https:\/\/salusry.fi\/index.php\/wp-json\/wp\/v2\/users\/1"}],"replies":[{"embeddable":true,"href":"https:\/\/salusry.fi\/index.php\/wp-json\/wp\/v2\/comments?post=2131"}],"version-history":[{"count":8,"href":"https:\/\/salusry.fi\/index.php\/wp-json\/wp\/v2\/pages\/2131\/revisions"}],"predecessor-version":[{"id":2224,"href":"https:\/\/salusry.fi\/index.php\/wp-json\/wp\/v2\/pages\/2131\/revisions\/2224"}],"wp:attachment":[{"href":"https:\/\/salusry.fi\/index.php\/wp-json\/wp\/v2\/media?parent=2131"}],"curies":[{"name":"wp","href":"https:\/\/api.w.org\/{rel}","templated":true}]}}