{"id":268,"date":"2015-09-01T19:36:05","date_gmt":"2015-09-01T17:36:05","guid":{"rendered":"http:\/\/salusry.fi\/?page_id=268"},"modified":"2026-01-20T23:15:13","modified_gmt":"2026-01-20T21:15:13","slug":"executive-board-of-salus","status":"publish","type":"page","link":"https:\/\/salusry.fi\/index.php\/in-english\/executive-board-of-salus\/","title":{"rendered":"Executive Board of Salus 2022"},"content":{"rendered":"\n<h2 class=\"wp-block-heading\">Executive board of Salus 2026<\/h2>\n\n\n\n<p>You can always contact the members of the Executive Board of Salus by email!<\/p>\n\n\n\n<p><strong>Chairperson<\/strong><br>Ulla M\u00e4kel\u00e4<br>ulla.a.makela(at)tuni.fi<\/p>\n\n\n\n<p><strong>Vice Chairperson<\/strong><br>Elsa Eerola<br>elsa.eerola(at)tuni.fi<\/p>\n\n\n\n<p><strong>Secretary<\/strong><br>Roosa M\u00e4kinen<br>roosa.k.makinen(at)tuni.fi<\/p>\n\n\n\n<p><strong>Treasurer<\/strong><br>Johanna Marttila<br>johanna.k.marttila(at)tuni.fi<\/p>\n\n\n\n<p><strong>Events Coordinator<\/strong><br>Milja Pasanen<br>milja.pasanen(at)tuni.fi<\/p>\n\n\n\n<p><strong>Tutor Coordinator<\/strong><br>Jenny B\u00e4ckman<br>jenny.backman(at)tuni.fi<\/p>\n\n\n\n<p><strong>Communications Officer<\/strong><br>Viivi Hakala<br>viivi.hakala(at)tuni.fi<\/p>\n\n\n\n<p><strong>Corporate Relations and Fundraising Officer<\/strong><br>Jonna Pitk\u00e4nen<br>jonna.u.pitkanen(at)tuni.fi<\/p>\n\n\n\n<p><strong>Sports, Culture, Wellbeing and Environmental Officer<\/strong><br>Tiia Lempinen<br>tiia.m.lempinen(at)tuni.fi<\/p>\n\n\n\n<p><strong>Education and Social Policy Officer<\/strong><br>Anni Koski<br>anni.h.koski(at)tuni.fi<\/p>\n\n\n\n<p><strong>Deputy Members<\/strong><br>Emilia P\u00f6ysti<br>emilia.poysti(at)tuni.fi<\/p>\n\n\n\n<p>Anna Willf\u00f6r<br>anna.willfor(at)tuni.fi<\/p>\n\n\n\n<p><\/p>\n","protected":false},"excerpt":{"rendered":"<p>Executive board of Salus 2026 You can always contact the members of the Executive Board of Salus by email! ChairpersonUlla M\u00e4kel\u00e4ulla.a.makela(at)tuni.fi Vice ChairpersonElsa Eerolaelsa.eerola(at)tuni.fi SecretaryRoosa M\u00e4kinenroosa.k.makinen(at)tuni.fi TreasurerJohanna Marttilajohanna.k.marttila(at)tuni.fi Events CoordinatorMilja Pasanenmilja.pasanen(at)tuni.fi Tutor CoordinatorJenny B\u00e4ckmanjenny.backman(at)tuni.fi Communications OfficerViivi Hakalaviivi.hakala(at)tuni.fi Corporate Relations and Fundraising OfficerJonna Pitk\u00e4nenjonna.u.pitkanen(at)tuni.fi Sports, Culture, Wellbeing and Environmental OfficerTiia Lempinentiia.m.lempinen(at)tuni.fi Education and Social Policy OfficerAnni [&hellip;]<\/p>\n","protected":false},"author":1,"featured_media":0,"parent":264,"menu_order":3,"comment_status":"closed","ping_status":"closed","template":"","meta":{"footnotes":""},"class_list":["post-268","page","type-page","status-publish","hentry"],"_links":{"self":[{"href":"https:\/\/salusry.fi\/index.php\/wp-json\/wp\/v2\/pages\/268","targetHints":{"allow":["GET"]}}],"collection":[{"href":"https:\/\/salusry.fi\/index.php\/wp-json\/wp\/v2\/pages"}],"about":[{"href":"https:\/\/salusry.fi\/index.php\/wp-json\/wp\/v2\/types\/page"}],"author":[{"embeddable":true,"href":"https:\/\/salusry.fi\/index.php\/wp-json\/wp\/v2\/users\/1"}],"replies":[{"embeddable":true,"href":"https:\/\/salusry.fi\/index.php\/wp-json\/wp\/v2\/comments?post=268"}],"version-history":[{"count":26,"href":"https:\/\/salusry.fi\/index.php\/wp-json\/wp\/v2\/pages\/268\/revisions"}],"predecessor-version":[{"id":2288,"href":"https:\/\/salusry.fi\/index.php\/wp-json\/wp\/v2\/pages\/268\/revisions\/2288"}],"up":[{"embeddable":true,"href":"https:\/\/salusry.fi\/index.php\/wp-json\/wp\/v2\/pages\/264"}],"wp:attachment":[{"href":"https:\/\/salusry.fi\/index.php\/wp-json\/wp\/v2\/media?parent=268"}],"curies":[{"name":"wp","href":"https:\/\/api.w.org\/{rel}","templated":true}]}}