{"id":531,"date":"2016-05-27T21:01:20","date_gmt":"2016-05-27T19:01:20","guid":{"rendered":"http:\/\/salusry.fi\/?page_id=531"},"modified":"2026-04-29T01:36:41","modified_gmt":"2026-04-28T23:36:41","slug":"salus-ry","status":"publish","type":"page","link":"https:\/\/salusry.fi\/","title":{"rendered":"UUSI ETUSIVU 26"},"content":{"rendered":"\n<div class=\"wp-block-cover alignfull has-small-font-size wp-duotone-unset-1\" style=\"min-height:469px;aspect-ratio:unset;\"><img loading=\"lazy\" decoding=\"async\" width=\"1280\" height=\"685\" class=\"wp-block-cover__image-background wp-image-2734 size-full\" alt=\"\" src=\"http:\/\/salusry.fi\/wp-content\/uploads\/2026\/04\/Kuva-27.4.2026-klo-1.33.png\" style=\"object-position:29% 59%\" data-object-fit=\"cover\" data-object-position=\"29% 59%\"\/><span aria-hidden=\"true\" class=\"wp-block-cover__background has-background-dim\" style=\"background-color:#00064e\"><\/span><div class=\"wp-block-cover__inner-container is-layout-flow wp-block-cover-is-layout-flow\">\n<p><\/p>\n\n\n\n<h1 class=\"wp-block-heading has-text-align-center\" style=\"font-size:60px;font-style:normal;font-weight:400;letter-spacing:1px;text-transform:uppercase\"><mark style=\"background-color:rgba(0, 0, 0, 0);color:#fefefe\" class=\"has-inline-color\">Salus ry<\/mark><\/h1>\n\n\n\n<h1 class=\"wp-block-heading has-text-align-center\" style=\"font-size:18px;font-style:normal;font-weight:300;letter-spacing:1px;text-transform:none\"><mark style=\"background-color:rgba(0, 0, 0, 0);color:#fefefe\" class=\"has-inline-color\">Tampereen yliopiston terveystieteiden ainej\u00e4rjest\u00f6<\/mark><\/h1>\n\n\n\n<div class=\"wp-block-group alignfull has-background-color has-text-color has-link-color wp-elements-b3dd3abc31798a6afd61498752ffe9c8\"><div class=\"wp-block-group__inner-container is-layout-constrained wp-block-group-is-layout-constrained\">\n<p class=\"has-text-align-left has-text-color has-link-color wp-elements-1a9853562760069b864f81ecdc21b98a\" style=\"color:#6e6b53;font-size:8px\">\u00a9 Oscar Mannelin @Kuvattuna<\/p>\n<\/div><\/div>\n<\/div><\/div>\n\n\n\n<div class=\"wp-block-group alignfull has-background\" style=\"background-color:#e998af;padding-top:6vw;padding-right:6vw;padding-bottom:6vw;padding-left:6vw\"><div class=\"wp-block-group__inner-container is-layout-flow wp-block-group-is-layout-flow\">\n<div style=\"height:14px\" aria-hidden=\"true\" class=\"wp-block-spacer\"><\/div>\n\n\n\n<h3 class=\"wp-block-heading has-text-align-left has-primary-color has-text-color has-link-color wp-elements-acdcae610b01ce9e2728a3e6e6f157f9\" style=\"font-size:24px;font-style:normal;font-weight:300\"><mark style=\"background-color:rgba(0, 0, 0, 0);color:#f6f6f6\" class=\"has-inline-color\">Tervetuloa Salusin kotisivuille! Salus ry on Tampereen yliopiston terveystieteiden ainej\u00e4rjest\u00f6, mik\u00e4 on perustettu vuonna 2011. Huolehdimme j\u00e4senist\u00f6n verkostoitumisesta, koulutuspoliittisesta edunvalvonnasta ja monipuolisesta vapaa\u2013ajantoiminnasta erilaisten tapahtumien avulla. Salus ry toivotamme sinut tervetulleeksi mukaamme!<\/mark> <\/h3>\n\n\n\n<div class=\"wp-block-buttons is-content-justification-center is-layout-flex wp-container-core-buttons-is-layout-16018d1d wp-block-buttons-is-layout-flex\">\n<div class=\"wp-block-button has-custom-width wp-block-button__width-75 is-style-fill\"><a class=\"wp-block-button__link has-primary-color has-text-color has-background has-link-color has-text-align-center has-custom-font-size wp-element-button\" href=\"https:\/\/salusry.fi\/index.php\/yhdistys\/\" style=\"border-top-left-radius:100px;border-top-right-radius:100px;border-bottom-left-radius:100px;border-bottom-right-radius:100px;background-color:#ffffff;font-size:14px;font-style:normal;font-weight:300\">tutustu salusiin enemm\u00e4n t\u00e4st\u00e4<\/a><\/div>\n<\/div>\n\n\n\n<div style=\"height:14px\" aria-hidden=\"true\" class=\"wp-block-spacer\"><\/div>\n<\/div><\/div>\n\n\n\n<div class=\"wp-block-cover alignfull has-text-color has-link-color wp-elements-f57f4bff295115cb24b0aec8f0b86b51\" style=\"color:#ffffff;min-height:352px;aspect-ratio:unset;\"><img loading=\"lazy\" decoding=\"async\" width=\"1599\" height=\"1200\" class=\"wp-block-cover__image-background wp-image-1518 size-full\" alt=\"\" src=\"http:\/\/salusry.fi\/wp-content\/uploads\/2020\/04\/salusheader.jpg\" style=\"object-position:62% 43%\" data-object-fit=\"cover\" data-object-position=\"62% 43%\" srcset=\"https:\/\/salusry.fi\/wp-content\/uploads\/2020\/04\/salusheader.jpg 1599w, https:\/\/salusry.fi\/wp-content\/uploads\/2020\/04\/salusheader-300x225.jpg 300w, https:\/\/salusry.fi\/wp-content\/uploads\/2020\/04\/salusheader-1024x768.jpg 1024w, https:\/\/salusry.fi\/wp-content\/uploads\/2020\/04\/salusheader-400x300.jpg 400w\" sizes=\"auto, (max-width: 1599px) 100vw, 1599px\" \/><span aria-hidden=\"true\" class=\"wp-block-cover__background has-primary-background-color has-background-dim\"><\/span><div class=\"wp-block-cover__inner-container is-layout-constrained wp-block-cover-is-layout-constrained\">\n<h3 class=\"wp-block-heading has-text-align-left has-text-color has-link-color wp-elements-a3fd3df94e620841bacd46da7cb69efc\" style=\"color:#ffffff;font-size:29px;font-style:normal;font-weight:200\">Tampereen yliopistossa voi opiskella terveystieteit\u00e4 kansanterveystieteen tai hoitotieteen tutkinto-ohjelmissa.<\/h3>\n\n\n\n<div class=\"wp-block-buttons is-content-justification-center is-layout-flex wp-container-core-buttons-is-layout-16018d1d wp-block-buttons-is-layout-flex\">\n<div class=\"wp-block-button is-style-fill\"><a class=\"wp-block-button__link has-primary-color has-text-color has-background has-link-color has-text-align-center has-custom-font-size wp-element-button\" href=\"https:\/\/salusry.fi\/index.php\/opiskelu\/opiskelukaytannot\/\" style=\"border-top-left-radius:100px;border-top-right-radius:100px;border-bottom-left-radius:100px;border-bottom-right-radius:100px;background-color:#ffffff;font-size:14px;font-style:normal;font-weight:300;text-transform:uppercase\">lue lis\u00e4\u00e4<\/a><\/div>\n<\/div>\n<\/div><\/div>\n\n\n\n<div class=\"wp-block-columns alignwide is-layout-flex wp-container-core-columns-is-layout-829b1d53 wp-block-columns-is-layout-flex\" style=\"margin-bottom:0\">\n<div class=\"wp-block-column has-background-color has-text-color has-background has-link-color wp-elements-20d9ca102c109a6aa1eef52bf67fee16 is-layout-flow wp-block-column-is-layout-flow\" style=\"background-color:#e998af;padding-top:2em;padding-right:2em;padding-bottom:2em;padding-left:2em\">\n<h4 class=\"wp-block-heading\" id=\"single\" style=\"font-size:20px\">&#8221;<strong><em>Mystinen luukku, sandaalikasa ja oma ulko-ovi \u2013 kurkista kolmen j\u00e4rjest\u00f6n j\u00e4rjest\u00f6tiloihin<\/em><\/strong>&#8221;<\/h4>\n\n\n\n<p style=\"font-size:19px;line-height:1.5\"><strong>Tampereen ylioppilaslehti Visiiri<\/strong>, 29.11.2023. Teksti ja kuvat:&nbsp;Inka Auranen.<\/p>\n\n\n\n<div class=\"wp-block-buttons alignfull is-horizontal is-content-justification-center is-layout-flex wp-container-core-buttons-is-layout-9393892f wp-block-buttons-is-layout-flex\">\n<div class=\"wp-block-button has-custom-width wp-block-button__width-100\"><a class=\"wp-block-button__link has-primary-color has-background-background-color has-text-color has-background wp-element-button\" href=\"https:\/\/www.visiirilehti.fi\/kurkista-kolmen-jarjeston-jarjestotiloihin\" style=\"border-top-left-radius:49px;border-top-right-radius:49px;border-bottom-left-radius:49px;border-bottom-right-radius:49px;font-style:normal;font-weight:300\">Lue lis\u00e4\u00e4<\/a><\/div>\n<\/div>\n<\/div>\n\n\n\n<div class=\"wp-block-column has-background-color has-text-color has-background has-link-color wp-elements-d3c8f231671ab0c3728fef58fbec0510 is-layout-flow wp-block-column-is-layout-flow\" style=\"background-color:#e998af;padding-top:2em;padding-right:2em;padding-bottom:2em;padding-left:2em;font-style:normal;font-weight:300\">\n<h4 class=\"wp-block-heading\" id=\"family\" style=\"font-size:20px\">&#8221;<strong><em>Juomapelit ja riisumiseen painostaminen ovat j\u00e4\u00e4m\u00e4ss\u00e4 historiaan yliopistoissa \u2013 ainej\u00e4rjest\u00f6t p\u00e4ivitt\u00e4v\u00e4t k\u00e4yt\u00e4nt\u00f6j\u00e4\u00e4n<\/em><\/strong>&#8221;<\/h4>\n\n\n\n<p style=\"font-size:19px;line-height:1.5\"><strong>Yle<\/strong>, 17.11.2021. Teksti Clarissa J\u00e4\u00e4rni ja kuva Jorge Gonzale.<\/p>\n\n\n\n<div class=\"wp-block-buttons alignfull is-horizontal is-content-justification-center is-layout-flex wp-container-core-buttons-is-layout-499968f5 wp-block-buttons-is-layout-flex\">\n<div class=\"wp-block-button has-custom-width wp-block-button__width-100 is-style-fill\"><a class=\"wp-block-button__link has-primary-color has-background-background-color has-text-color has-background wp-element-button\" href=\"https:\/\/yle.fi\/a\/3-12192046\" style=\"border-top-left-radius:49px;border-top-right-radius:49px;border-bottom-left-radius:49px;border-bottom-right-radius:49px;font-style:normal;font-weight:300\">Lue lis\u00e4\u00e4<\/a><\/div>\n<\/div>\n<\/div>\n<\/div>\n\n\n\n<h6 class=\"wp-block-heading has-text-align-center\" style=\"font-style:normal;font-weight:300\">Yhteisty\u00f6ss\u00e4:<\/h6>\n\n\n\n<div class=\"wp-block-group is-nowrap is-layout-flex wp-container-core-group-is-layout-ad2f72ca wp-block-group-is-layout-flex\">\n<div class=\"wp-block-group is-vertical is-layout-flex wp-container-core-group-is-layout-8cf370e7 wp-block-group-is-layout-flex\">\n<figure class=\"wp-block-gallery has-nested-images columns-default is-cropped wp-block-gallery-2 is-layout-flex wp-block-gallery-is-layout-flex\">\n<figure class=\"wp-block-image size-large\"><a href=\"https:\/\/www.taja.fi\"><img decoding=\"async\" src=\"https:\/\/aky.fi\/wp-content\/uploads\/2021\/03\/23.png\" alt=\"\"\/><\/a><\/figure>\n<\/figure>\n<\/div>\n\n\n\n<figure class=\"wp-block-image size-large is-resized wp-container-content-69bc4bdf\"><a href=\"https:\/\/yka.fi\"><img decoding=\"async\" src=\"https:\/\/yka.fi\/wp-content\/uploads\/2024\/11\/YKA-logo.png\" alt=\"\" style=\"object-fit:cover;width:457px;height:auto\"\/><\/a><\/figure>\n\n\n\n<div class=\"wp-block-group has-normal-font-size wp-container-content-69bc4bdf\"><div class=\"wp-block-group__inner-container is-layout-constrained wp-block-group-is-layout-constrained\">\n<figure class=\"wp-block-image size-large is-style-default wp-container-content-69bc4bdf\"><a href=\"https:\/\/www.tehylehti.fi\/fi\/uutinen\/tutkimus-lahihoitajat-sairaanhoitajat-ja-sosiaaliohjaajat-kohtaavat-lahes-kaiken-sote-alan-vakivallan\"><img decoding=\"async\" src=\"https:\/\/upload.wikimedia.org\/wikipedia\/fi\/thumb\/c\/c5\/Tehynlogo.svg\/250px-Tehynlogo.svg.png\" alt=\"\" style=\"aspect-ratio:4\/3;object-fit:contain\"\/><\/a><\/figure>\n<\/div><\/div>\n<\/div>\n\n\n\n<div class=\"wp-block-group alignfull has-background-color has-white-color has-primary-background-color has-text-color has-background has-link-color wp-elements-4b06006e0f63cf4b431d50fcba9fc30b is-content-justification-center is-nowrap is-layout-flex wp-container-core-group-is-layout-873c97bd wp-block-group-is-layout-flex\" style=\"min-height:40vh;margin-top:0;margin-bottom:0;padding-top:var(--wp--preset--spacing--60);padding-right:var(--wp--preset--spacing--40);padding-bottom:var(--wp--preset--spacing--60);padding-left:var(--wp--preset--spacing--40)\">\n<div class=\"wp-block-columns alignwide has-small-font-size is-layout-flex wp-container-core-columns-is-layout-9d6595d7 wp-block-columns-is-layout-flex\">\n<div class=\"wp-block-column is-vertically-aligned-stretch is-layout-flow wp-block-column-is-layout-flow\">\n<h6 class=\"wp-block-heading has-text-align-left has-text-color has-link-color wp-elements-4693bafea8af55bd64190d796a1924ce\" style=\"color:#ffffff;font-style:normal;font-weight:300\">Yhteystiedot<\/h6>\n\n\n\n<div class=\"wp-block-group is-vertical is-layout-flex wp-container-core-group-is-layout-8cf370e7 wp-block-group-is-layout-flex\" style=\"font-style:normal;font-weight:300\">\n<p>Terveystieteiden ainej\u00e4rjest\u00f6 Salus ry<\/p>\n\n\n\n<p>Tampereen yliopisto<\/p>\n\n\n\n<p>Arvo Ylp\u00f6n katu 34<\/p>\n\n\n\n<p>33520 Tampere<\/p>\n<\/div>\n\n\n\n<div style=\"height:24px\" aria-hidden=\"true\" class=\"wp-block-spacer\"><\/div>\n<\/div>\n\n\n\n<div class=\"wp-block-column is-layout-flow wp-block-column-is-layout-flow\">\n<h6 class=\"wp-block-heading has-text-align-left has-text-color has-link-color wp-elements-2c742c5d17627c76e0cac35e579c82d4\" style=\"color:#ffffff;font-style:normal;font-weight:300\">AINEJ\u00c4RJEST\u00d6TILA saltsu<\/h6>\n\n\n\n<div class=\"wp-block-group is-vertical is-layout-flex wp-container-core-group-is-layout-8cf370e7 wp-block-group-is-layout-flex\">\n<p>Kaupin kampus<\/p>\n\n\n\n<p>Huone F112<\/p>\n\n\n\n<p class=\"has-text-align-center\"><span style=\"caret-color: rgb(0, 0, 0); color: rgb(0, 0, 0); font-family: -webkit-standard; font-size: medium; white-space: normal;\">&nbsp;<\/span><\/p>\n\n\n\n<div class=\"wp-block-columns is-layout-flex wp-container-core-columns-is-layout-9d6595d7 wp-block-columns-is-layout-flex\">\n<div class=\"wp-block-column is-layout-flow wp-block-column-is-layout-flow\" style=\"flex-basis:100%\"><\/div>\n<\/div>\n<\/div>\n<\/div>\n\n\n\n<div class=\"wp-block-column is-layout-flow wp-block-column-is-layout-flow\">\n<h6 class=\"wp-block-heading has-text-align-left has-text-color has-link-color wp-elements-d20389efd47f8260095db7026ce8305e\" style=\"color:#fffefe;font-style:normal;font-weight:300\">somekanavat<\/h6>\n\n\n\n<ul class=\"wp-block-social-links has-large-icon-size has-icon-color has-icon-background-color is-style-default is-content-justification-left is-layout-flex wp-container-core-social-links-is-layout-fdcfc74e wp-block-social-links-is-layout-flex\"><li style=\"color:#ffffff;background-color:#000000;\" class=\"wp-social-link wp-social-link-instagram has-white-color has-primary-background-color wp-block-social-link\"><a href=\"https:\/\/www.instagram.com\/salusry\/\" class=\"wp-block-social-link-anchor\"><svg width=\"24\" height=\"24\" viewBox=\"0 0 24 24\" version=\"1.1\" xmlns=\"http:\/\/www.w3.org\/2000\/svg\" aria-hidden=\"true\" focusable=\"false\"><path d=\"M12,4.622c2.403,0,2.688,0.009,3.637,0.052c0.877,0.04,1.354,0.187,1.671,0.31c0.42,0.163,0.72,0.358,1.035,0.673 c0.315,0.315,0.51,0.615,0.673,1.035c0.123,0.317,0.27,0.794,0.31,1.671c0.043,0.949,0.052,1.234,0.052,3.637 s-0.009,2.688-0.052,3.637c-0.04,0.877-0.187,1.354-0.31,1.671c-0.163,0.42-0.358,0.72-0.673,1.035 c-0.315,0.315-0.615,0.51-1.035,0.673c-0.317,0.123-0.794,0.27-1.671,0.31c-0.949,0.043-1.233,0.052-3.637,0.052 s-2.688-0.009-3.637-0.052c-0.877-0.04-1.354-0.187-1.671-0.31c-0.42-0.163-0.72-0.358-1.035-0.673 c-0.315-0.315-0.51-0.615-0.673-1.035c-0.123-0.317-0.27-0.794-0.31-1.671C4.631,14.688,4.622,14.403,4.622,12 s0.009-2.688,0.052-3.637c0.04-0.877,0.187-1.354,0.31-1.671c0.163-0.42,0.358-0.72,0.673-1.035 c0.315-0.315,0.615-0.51,1.035-0.673c0.317-0.123,0.794-0.27,1.671-0.31C9.312,4.631,9.597,4.622,12,4.622 M12,3 C9.556,3,9.249,3.01,8.289,3.054C7.331,3.098,6.677,3.25,6.105,3.472C5.513,3.702,5.011,4.01,4.511,4.511 c-0.5,0.5-0.808,1.002-1.038,1.594C3.25,6.677,3.098,7.331,3.054,8.289C3.01,9.249,3,9.556,3,12c0,2.444,0.01,2.751,0.054,3.711 c0.044,0.958,0.196,1.612,0.418,2.185c0.23,0.592,0.538,1.094,1.038,1.594c0.5,0.5,1.002,0.808,1.594,1.038 c0.572,0.222,1.227,0.375,2.185,0.418C9.249,20.99,9.556,21,12,21s2.751-0.01,3.711-0.054c0.958-0.044,1.612-0.196,2.185-0.418 c0.592-0.23,1.094-0.538,1.594-1.038c0.5-0.5,0.808-1.002,1.038-1.594c0.222-0.572,0.375-1.227,0.418-2.185 C20.99,14.751,21,14.444,21,12s-0.01-2.751-0.054-3.711c-0.044-0.958-0.196-1.612-0.418-2.185c-0.23-0.592-0.538-1.094-1.038-1.594 c-0.5-0.5-1.002-0.808-1.594-1.038c-0.572-0.222-1.227-0.375-2.185-0.418C14.751,3.01,14.444,3,12,3L12,3z M12,7.378 c-2.552,0-4.622,2.069-4.622,4.622S9.448,16.622,12,16.622s4.622-2.069,4.622-4.622S14.552,7.378,12,7.378z M12,15 c-1.657,0-3-1.343-3-3s1.343-3,3-3s3,1.343,3,3S13.657,15,12,15z M16.804,6.116c-0.596,0-1.08,0.484-1.08,1.08 s0.484,1.08,1.08,1.08c0.596,0,1.08-0.484,1.08-1.08S17.401,6.116,16.804,6.116z\"><\/path><\/svg><span class=\"wp-block-social-link-label screen-reader-text\">Instagram<\/span><\/a><\/li>\n\n<li style=\"color:#ffffff;background-color:#000000;\" class=\"wp-social-link wp-social-link-tiktok has-white-color has-primary-background-color wp-block-social-link\"><a href=\"https:\/\/www.tiktok.com\/@salus_ry?_r=1&#038;_t=ZN-92yq11aWv3P\" class=\"wp-block-social-link-anchor\"><svg width=\"24\" height=\"24\" viewBox=\"0 0 32 32\" version=\"1.1\" xmlns=\"http:\/\/www.w3.org\/2000\/svg\" aria-hidden=\"true\" focusable=\"false\"><path d=\"M16.708 0.027c1.745-0.027 3.48-0.011 5.213-0.027 0.105 2.041 0.839 4.12 2.333 5.563 1.491 1.479 3.6 2.156 5.652 2.385v5.369c-1.923-0.063-3.855-0.463-5.6-1.291-0.76-0.344-1.468-0.787-2.161-1.24-0.009 3.896 0.016 7.787-0.025 11.667-0.104 1.864-0.719 3.719-1.803 5.255-1.744 2.557-4.771 4.224-7.88 4.276-1.907 0.109-3.812-0.411-5.437-1.369-2.693-1.588-4.588-4.495-4.864-7.615-0.032-0.667-0.043-1.333-0.016-1.984 0.24-2.537 1.495-4.964 3.443-6.615 2.208-1.923 5.301-2.839 8.197-2.297 0.027 1.975-0.052 3.948-0.052 5.923-1.323-0.428-2.869-0.308-4.025 0.495-0.844 0.547-1.485 1.385-1.819 2.333-0.276 0.676-0.197 1.427-0.181 2.145 0.317 2.188 2.421 4.027 4.667 3.828 1.489-0.016 2.916-0.88 3.692-2.145 0.251-0.443 0.532-0.896 0.547-1.417 0.131-2.385 0.079-4.76 0.095-7.145 0.011-5.375-0.016-10.735 0.025-16.093z\" \/><\/svg><span class=\"wp-block-social-link-label screen-reader-text\">TikTok<\/span><\/a><\/li>\n\n<li style=\"color:#ffffff;background-color:#000000;\" class=\"wp-social-link wp-social-link-linkedin has-white-color has-primary-background-color wp-block-social-link\"><a href=\"https:\/\/www.google.com\/url?sa=t&#038;source=web&#038;rct=j&#038;opi=89978449&#038;url=https:\/\/fi.linkedin.com\/in\/terveystieteiden-ainej%25C3%25A4rjest%25C3%25B6-salus-ry-927807139&#038;ved=2ahUKEwiDqd7Pt-iSAxVXIRAIHU9WA1AQFnoECBkQAQ&#038;usg=AOvVaw1iucUkVeuBb_uqkiIBkUm1\" class=\"wp-block-social-link-anchor\"><svg width=\"24\" height=\"24\" viewBox=\"0 0 24 24\" version=\"1.1\" xmlns=\"http:\/\/www.w3.org\/2000\/svg\" aria-hidden=\"true\" focusable=\"false\"><path d=\"M19.7,3H4.3C3.582,3,3,3.582,3,4.3v15.4C3,20.418,3.582,21,4.3,21h15.4c0.718,0,1.3-0.582,1.3-1.3V4.3 C21,3.582,20.418,3,19.7,3z M8.339,18.338H5.667v-8.59h2.672V18.338z M7.004,8.574c-0.857,0-1.549-0.694-1.549-1.548 c0-0.855,0.691-1.548,1.549-1.548c0.854,0,1.547,0.694,1.547,1.548C8.551,7.881,7.858,8.574,7.004,8.574z M18.339,18.338h-2.669 v-4.177c0-0.996-0.017-2.278-1.387-2.278c-1.389,0-1.601,1.086-1.601,2.206v4.249h-2.667v-8.59h2.559v1.174h0.037 c0.356-0.675,1.227-1.387,2.526-1.387c2.703,0,3.203,1.779,3.203,4.092V18.338z\"><\/path><\/svg><span class=\"wp-block-social-link-label screen-reader-text\">LinkedIn<\/span><\/a><\/li><\/ul>\n\n\n\n<p class=\"has-text-align-left\" style=\"font-size:14px\">Salus ry | <a href=\"https:\/\/drive.google.com\/file\/d\/1H2RSx44AHSTD1OdW5by_ktaQgFrsyEKg\/view\">J\u00e4sen\u2013 ja tapahtumarekisterin tietosuojaseloste<\/a> <\/p>\n<\/div>\n<\/div>\n<\/div>\n","protected":false},"excerpt":{"rendered":"<p>Tervetuloa Salusin kotisivuille! Salus ry on Tampereen yliopiston terveystieteiden ainej\u00e4rjest\u00f6, mik\u00e4 on perustettu vuonna 2011. Huolehdimme j\u00e4senist\u00f6n verkostoitumisesta, koulutuspoliittisesta edunvalvonnasta ja monipuolisesta vapaa\u2013ajantoiminnasta erilaisten tapahtumien avulla. Salus ry toivotamme sinut tervetulleeksi mukaamme! &#8221;Mystinen luukku, sandaalikasa ja oma ulko-ovi \u2013 kurkista kolmen j\u00e4rjest\u00f6n j\u00e4rjest\u00f6tiloihin&#8221; Tampereen ylioppilaslehti Visiiri, 29.11.2023. Teksti ja kuvat:&nbsp;Inka Auranen. &#8221;Juomapelit ja riisumiseen painostaminen [&hellip;]<\/p>\n","protected":false},"author":1,"featured_media":0,"parent":0,"menu_order":0,"comment_status":"closed","ping_status":"closed","template":"","meta":{"footnotes":""},"class_list":["post-531","page","type-page","status-publish","hentry"],"_links":{"self":[{"href":"https:\/\/salusry.fi\/index.php\/wp-json\/wp\/v2\/pages\/531","targetHints":{"allow":["GET"]}}],"collection":[{"href":"https:\/\/salusry.fi\/index.php\/wp-json\/wp\/v2\/pages"}],"about":[{"href":"https:\/\/salusry.fi\/index.php\/wp-json\/wp\/v2\/types\/page"}],"author":[{"embeddable":true,"href":"https:\/\/salusry.fi\/index.php\/wp-json\/wp\/v2\/users\/1"}],"replies":[{"embeddable":true,"href":"https:\/\/salusry.fi\/index.php\/wp-json\/wp\/v2\/comments?post=531"}],"version-history":[{"count":226,"href":"https:\/\/salusry.fi\/index.php\/wp-json\/wp\/v2\/pages\/531\/revisions"}],"predecessor-version":[{"id":2787,"href":"https:\/\/salusry.fi\/index.php\/wp-json\/wp\/v2\/pages\/531\/revisions\/2787"}],"wp:attachment":[{"href":"https:\/\/salusry.fi\/index.php\/wp-json\/wp\/v2\/media?parent=531"}],"curies":[{"name":"wp","href":"https:\/\/api.w.org\/{rel}","templated":true}]}}