{"id":533,"date":"2016-05-27T21:03:25","date_gmt":"2016-05-27T19:03:25","guid":{"rendered":"http:\/\/salusry.fi\/?page_id=533"},"modified":"2026-04-24T16:50:57","modified_gmt":"2026-04-24T14:50:57","slug":"saannot-2","status":"publish","type":"page","link":"https:\/\/salusry.fi\/index.php\/yhdistys\/saannot-2\/","title":{"rendered":"Ainej\u00e4rjest\u00f6n s\u00e4\u00e4nn\u00f6t"},"content":{"rendered":"\n<h2 class=\"wp-block-heading\" style=\"font-style:normal;font-weight:300\">Ainej\u00e4rjest\u00f6n s\u00e4\u00e4nn\u00f6t<\/h2>\n\n\n\n<p>Nimi: Terveystieteiden ainej\u00e4rjest\u00f6 Salus ry<br>Osoite:&nbsp;Arvo Ylp\u00f6n katu 34, 33520 Tampere<br>Rekisterinumero: 214.527<br>Merkitty rekisteriin: 5.3.2015<\/p>\n\n\n\n<p>N\u00e4m\u00e4 s\u00e4\u00e4nn\u00f6t on hyv\u00e4ksytty yhdistyksen syyskokouksessa 15.11.2018 ja vahvistettu Patentti- ja rekisterihallinnossa 7.12.2018, josta alkaen s\u00e4\u00e4nn\u00f6t ovat voimassa.<\/p>\n\n\n\n<h5 class=\"wp-block-heading\"><strong>1. Yhdistyksen nimi ja kotipaikka<\/strong><\/h5>\n\n\n\n<p>Yhdistyksen nimi on Terveystieteiden ainej\u00e4rjest\u00f6 Salus ry ja sen kotipaikka on Tampere.<\/p>\n\n\n\n<h5 class=\"wp-block-heading\"><strong>2. Tarkoitus ja toiminta<\/strong><\/h5>\n\n\n\n<p>Yhdistys toimii Tampereen yliopiston terveystieteiden opiskelijoiden ainej\u00e4rjest\u00f6n\u00e4.<\/p>\n\n\n\n<p>Yhdistyksen tarkoituksena on<\/p>\n\n\n\n<ul class=\"wp-block-list\">\n<li>kehitt\u00e4\u00e4 ja tukea terveystieteiden opiskelijoiden yhteis\u00f6llisyytt\u00e4 ja luoda hyv\u00e4\u00e4 ilmapiiri\u00e4 terveystieteiden opiskelijoiden v\u00e4lille<\/li>\n\n\n\n<li>toimia Tampereen yliopiston terveystieteiden opiskelijoiden edunvalvojana<\/li>\n\n\n\n<li>toimia linkkin\u00e4 terveystieteiden opiskelijoiden, Tampereen ylioppilaskunnan sek\u00e4 muiden keskeisten yhteisty\u00f6tahojen v\u00e4lill\u00e4<\/li>\n<\/ul>\n\n\n\n<p>Tarkoituksensa toteuttamiseksi yhdistys<\/p>\n\n\n\n<ul class=\"wp-block-list\">\n<li>j\u00e4rjest\u00e4\u00e4 yhteis\u00f6llisyytt\u00e4, hyvinvointia ja opiskelua tukevia tapahtumia ja toimintaa sek\u00e4 j\u00e4rjest\u00e4\u00e4 retki\u00e4, seminaareja, tiedottaa toiminnastaan ja tekee yhteisty\u00f6t\u00e4 yliopiston ja muiden yhteis\u00f6jen kanssa<\/li>\n\n\n\n<li>ker\u00e4\u00e4 varoja oheistuotteiden myynnin avulla<\/li>\n<\/ul>\n\n\n\n<h5 class=\"wp-block-heading\"><strong>3. J\u00e4senet ja j\u00e4senmaksu<\/strong><\/h5>\n\n\n\n<p>Yhdistyksen varsinaiseksi j\u00e4seneksi voivat liitty\u00e4 kaikki Tampereen yliopistossa terveystieteen kandidaatin tai maisterin tutkintoa suorittavat opiskelijat, terveystieteiden jatko-opintoja suorittavat opiskelijat tai terveystieteiden opintoja valinnaisina opintoina suorittavat tampereen yliopiston tutkinto-opiskelijat.<\/p>\n\n\n\n<p>Yhdistyksen kannattajaj\u00e4seneksi voidaan hyv\u00e4ksy\u00e4 yksityinen henkil\u00f6 tai oikeuskelpoinen yhteis\u00f6, joka haluaa tukea yhdistyksen tarkoitusta ja toimintaa. Yhdistyksen kannattajaj\u00e4sen ei ole yhdistyksen varsinainen j\u00e4sen.<\/p>\n\n\n\n<p>Varsinaisilta j\u00e4senilt\u00e4 peritt\u00e4v\u00e4n liittymismaksun ja vuotuisen j\u00e4senmaksun suuruuden, sek\u00e4 kannattajaj\u00e4senilt\u00e4 peritt\u00e4v\u00e4n kannattajaj\u00e4senmaksun suuruuden p\u00e4\u00e4tt\u00e4\u00e4 erikseen kummallekin j\u00e4senryhm\u00e4lle yhdistyksen syyskokous.<\/p>\n\n\n\n<h5 class=\"wp-block-heading\"><strong>4. J\u00e4senen eroaminen ja erottaminen<\/strong><\/h5>\n\n\n\n<p>Yhdistyksen j\u00e4sen voi erota yhdistyksest\u00e4 milloin tahansa omalla ilmoituksellaan. J\u00e4senen on ilmoitettava eroamisesta kirjallisesti hallitukselle tai suullisesti yhdistyksen kokouksen yhteydess\u00e4, jolloin se merkit\u00e4\u00e4n p\u00f6yt\u00e4kirjaan.<\/p>\n\n\n\n<p>Hallitus voi p\u00e4\u00e4t\u00f6ksell\u00e4\u00e4n erottaa j\u00e4senen, joka ei noudata yhdistyksen s\u00e4\u00e4nt\u00f6j\u00e4 tai p\u00e4\u00e4t\u00f6ksi\u00e4, toimii vastoin yhdistyksen arvoja ja tarkoitusperi\u00e4 tai laiminly\u00f6 j\u00e4senelle kuuluvat velvoitteet. Hallitus voi katsoa j\u00e4senen eronneeksi, mik\u00e4li j\u00e4sen on j\u00e4tt\u00e4nyt maksamatta yhdistyksen j\u00e4senmaksun yhden (1) viimeksi kuluneen vuoden ajalta.<\/p>\n\n\n\n<p>Ennen erottamisp\u00e4\u00e4t\u00f6ksen tekemist\u00e4 j\u00e4senelle on varattava tilaisuus selvityksen antamiseen. J\u00e4senelle ei kuitenkaan tarvitse varata tilaisuutta selvityksen antamiseen, mik\u00e4li erottamisen syyn\u00e4 on j\u00e4senmaksun maksamatta j\u00e4tt\u00e4minen.<\/p>\n\n\n\n<p>Eronnut tai erotettu j\u00e4sen menett\u00e4\u00e4 kaikki oikeutensa yhdistyksess\u00e4, ja j\u00e4senen ero yhdistyksest\u00e4 astuu voimaan heti eroamisilmoituksesta tai erottamisp\u00e4\u00e4t\u00f6ksest\u00e4 l\u00e4htien.<\/p>\n\n\n\n<h5 class=\"wp-block-heading\"><strong>5. Hallitus ja p\u00e4\u00e4t\u00f6svalta<\/strong><\/h5>\n\n\n\n<p>Yhdistyksen asioita hoitaa hallitus, johon kuuluu syyskokouksessa valitut puheenjohtaja ja 2-10 muuta varsinaista j\u00e4sent\u00e4 sek\u00e4 0-2 varaj\u00e4sent\u00e4. Hallituksen toimikausi on kalenterivuosi. Hallitus valitsee keskuudestaan varapuheenjohtajan sek\u00e4 ottaa keskuudestaan tai ulkopuoleltaan sihteerin, rahastonhoitajan ja muut tarvittavat toimihenkil\u00f6t. Yhdistyksell\u00e4 on yksi varsinainen toiminnantarkastaja, jonka toimikausi on yksi kalenterivuosi, sek\u00e4 yksi varatoiminnantarkastaja.<\/p>\n\n\n\n<p>Hallitus kokoontuu puheenjohtajan tai h\u00e4nen estyneen\u00e4 ollessaan varapuheenjohtajan kutsusta, kun he katsovat siihen olevan aihetta tai kun v\u00e4hint\u00e4\u00e4n puolet hallituksen j\u00e4senist\u00e4 sit\u00e4 vaatii. Hallitus on p\u00e4\u00e4t\u00f6svaltainen, kun v\u00e4hint\u00e4\u00e4n puolet sen j\u00e4senist\u00e4, puheenjohtaja tai varapuheenjohtaja mukaan luettuna on l\u00e4sn\u00e4. \u00c4\u00e4nestykset ratkaistaan ehdottomalla \u00e4\u00e4ntenenemmist\u00f6ll\u00e4. \u00c4\u00e4nten menness\u00e4 tasan ratkaisee puheenjohtajan \u00e4\u00e4ni, vaaleissa kuitenkin arpa. Hallituksen kokoukset ovat avoimia j\u00e4senille, ellei kokous k\u00e4sitelt\u00e4vien asioiden luottamuksellisuuden vuoksi toisin p\u00e4\u00e4t\u00e4.<\/p>\n\n\n\n<h5 class=\"wp-block-heading\"><strong>&nbsp;6.&nbsp;<\/strong><strong>Tilikausi<\/strong><\/h5>\n\n\n\n<p>Yhdistyksen tilikausi on kalenterivuosi.<\/p>\n\n\n\n<h5 class=\"wp-block-heading\"><strong>7.&nbsp;Varsinaiset kokoukset<\/strong><\/h5>\n\n\n\n<p>Yhdistys pit\u00e4\u00e4 vuosittain kaksi varsinaista kokousta.<\/p>\n\n\n\n<p>Yhdistyksen kev\u00e4tkokous pidet\u00e4\u00e4n maalis-toukokuussa ja syyskokous loka-joulukuussa hallituksen m\u00e4\u00e4r\u00e4\u00e4m\u00e4n\u00e4 p\u00e4iv\u00e4n\u00e4. Yhdistyksen kokouksissa on jokaisella varsinaisella j\u00e4senell\u00e4 yksi \u00e4\u00e4ni. Kannattajaj\u00e4senell\u00e4 on kokouksessa l\u00e4sn\u00e4olo- ja puheoikeus. Yhdistyksen kokouksen p\u00e4\u00e4t\u00f6kseksi tulee, ellei s\u00e4\u00e4nn\u00f6iss\u00e4 ole toisin m\u00e4\u00e4r\u00e4tty, se kanta, jota on kannattanut yli puolet annetuista \u00e4\u00e4nist\u00e4. \u00c4\u00e4nten menness\u00e4 tasan ratkaisee kokouksen puheenjohtajan \u00e4\u00e4ni, vaaleissa kuitenkin arpa.<\/p>\n\n\n\n<p>Ylim\u00e4\u00e4r\u00e4inen yhdistyksen kokous pidet\u00e4\u00e4n, kun yhdistyksen kokous niin p\u00e4\u00e4tt\u00e4\u00e4 tai kun hallitus katsoo siihen olevan aihetta tai v\u00e4hint\u00e4\u00e4n kymmenesosa yhdistyksen \u00e4\u00e4nioikeutetuista j\u00e4senist\u00e4 sit\u00e4 ilmoittamansa asian k\u00e4sittely\u00e4 varten vaatii.<\/p>\n\n\n\n<h5 class=\"wp-block-heading\"><strong>8. Kokouksen koollekutsuminen<\/strong><\/h5>\n\n\n\n<p>Hallituksen on kutsuttava yhdistyksen kokoukset koolle v\u00e4hint\u00e4\u00e4n seitsem\u00e4n vuorokautta ennen kokousta s\u00e4hk\u00f6postitse.<\/p>\n\n\n\n<h5 class=\"wp-block-heading\"><strong>9. Varsinaisissa kokouksissa k\u00e4sitelt\u00e4v\u00e4t asiat<\/strong><\/h5>\n\n\n\n<p>Yhdistyksen kev\u00e4tkokouksessa k\u00e4sitell\u00e4\u00e4n seuraavat asiat:<\/p>\n\n\n\n<ul class=\"wp-block-list\">\n<li>Kokouksen avaus<\/li>\n\n\n\n<li>Valitaan kokouksen puheenjohtaja, sihteeri, kaksi p\u00f6yt\u00e4kirjantarkastajaa ja tarvittaessa kaksi \u00e4\u00e4ntenlaskijaa<\/li>\n\n\n\n<li>Todetaan kokouksen laillisuus ja p\u00e4\u00e4t\u00f6svaltaisuus<\/li>\n\n\n\n<li>Hyv\u00e4ksyt\u00e4\u00e4n kokouksen ty\u00f6j\u00e4rjestys<\/li>\n\n\n\n<li>Esitet\u00e4\u00e4n tilinp\u00e4\u00e4t\u00f6s, vuosikertomus ja toiminnantarkastajien lausunto<\/li>\n\n\n\n<li>P\u00e4\u00e4tet\u00e4\u00e4n tilinp\u00e4\u00e4t\u00f6ksen vahvistamisesta ja vastuuvapauden my\u00f6nt\u00e4misest\u00e4 hallitukselle ja muille vastuuvelvollisille<\/li>\n\n\n\n<li>K\u00e4sitell\u00e4\u00e4n muut kokouskutsussa mainitut asiat<\/li>\n<\/ul>\n\n\n\n<p>Tilinp\u00e4\u00e4t\u00f6s ja toimintakertomus tulee toimittaa toiminnantarkastajalle viimeist\u00e4\u00e4n kuukautta ennen yhdistyksen kev\u00e4tkokousta.<br>Yhdistyksen syyskokouksessa k\u00e4sitell\u00e4\u00e4n seuraavat asiat:<\/p>\n\n\n\n<ul class=\"wp-block-list\">\n<li>Kokouksen avaus<\/li>\n\n\n\n<li>Valitaan kokouksen puheenjohtaja, sihteeri, kaksi p\u00f6yt\u00e4kirjantarkastajaa ja tarvittaessa kaksi \u00e4\u00e4ntenlaskijaa<\/li>\n\n\n\n<li>Todetaan kokouksen laillisuus ja p\u00e4\u00e4t\u00f6svaltaisuus<\/li>\n\n\n\n<li>Hyv\u00e4ksyt\u00e4\u00e4n kokouksen ty\u00f6j\u00e4rjestys<\/li>\n\n\n\n<li>Vahvistetaan toimintasuunnitelma, tulo- ja menoarvio sek\u00e4 liittymis- ja j\u00e4senmaksujen suuruudet seuraavalle kalenterivuodelle<\/li>\n\n\n\n<li>Valitaan hallituksen puheenjohtaja ja muut j\u00e4senet<\/li>\n\n\n\n<li>Valitaan yksi toiminnantarkastaja ja varatoiminnantarkastaja.<\/li>\n\n\n\n<li>K\u00e4sitell\u00e4\u00e4n muut kokouskutsussa mainitut asiat.<\/li>\n<\/ul>\n\n\n\n<p>Mik\u00e4li yhdistyksen j\u00e4sen haluaa saada jonkin asian yhdistyksen kev\u00e4t- tai syyskokouksen k\u00e4sitelt\u00e4v\u00e4ksi, on h\u00e4nen ilmoitettava siit\u00e4 kirjallisesti hallitukselle niin hyviss\u00e4 ajoin, ett\u00e4 asia voidaan sis\u00e4llytt\u00e4\u00e4 kokouskutsuun.<\/p>\n\n\n\n<h5 class=\"wp-block-heading\"><strong>10. Yhdistyksen varat<\/strong><\/h5>\n\n\n\n<p>Mik\u00e4li yhdistys purkautuu tai se lakkautetaan, yhdistyksen varat on annettava 1.1.2019 toimintansa aloittavalle Tampereen ylioppilaskunnalle.<\/p>\n\n\n\n<h5 class=\"wp-block-heading\"><strong>&nbsp;11.&nbsp;<\/strong><strong>Yhdistyksen nimen kirjoittaminen<\/strong><\/h5>\n\n\n\n<p>Yhdistyksen nimen kirjoittaa puheenjohtaja. Lis\u00e4ksi yhdistyksen nimen saavat kirjoittaa varapuheenjohtaja ja rahastonhoitaja.<\/p>\n\n\n\n<h5 class=\"wp-block-heading\"><strong>12. S\u00e4\u00e4nt\u00f6jen muuttaminen ja yhdistyksen purkaminen<\/strong><\/h5>\n\n\n\n<p>P\u00e4\u00e4t\u00f6s s\u00e4\u00e4nt\u00f6jen muuttamisesta ja yhdistyksen purkamisesta on teht\u00e4v\u00e4 yhdistyksen kokouksessa v\u00e4hint\u00e4\u00e4n kolmen nelj\u00e4sosan (3\/4) enemmist\u00f6ll\u00e4 annetuista \u00e4\u00e4nist\u00e4. Kokouskutsussa on mainittava s\u00e4\u00e4nt\u00f6jen muuttamisesta tai yhdistyksen purkamisesta. Yhdistyksen purkautuessa annetaan yhdistyksen varat 1.1.2019 toimintansa aloittavalle Tampereen ylioppilaskunnalle. Yhdistyksen tullessa lakkautetuksi k\u00e4ytet\u00e4\u00e4n sen varat samaan tarkoitukseen.<\/p>\n\n\n\n<div style=\"height:100px\" aria-hidden=\"true\" class=\"wp-block-spacer\"><\/div>\n\n\n\n<div class=\"wp-block-group alignfull has-background-color has-white-color has-primary-background-color has-text-color has-background has-link-color wp-elements-4b06006e0f63cf4b431d50fcba9fc30b is-content-justification-center is-nowrap is-layout-flex wp-container-core-group-is-layout-873c97bd wp-block-group-is-layout-flex\" style=\"min-height:40vh;margin-top:0;margin-bottom:0;padding-top:var(--wp--preset--spacing--60);padding-right:var(--wp--preset--spacing--40);padding-bottom:var(--wp--preset--spacing--60);padding-left:var(--wp--preset--spacing--40)\">\n<div class=\"wp-block-columns alignwide has-small-font-size is-layout-flex wp-container-core-columns-is-layout-9d6595d7 wp-block-columns-is-layout-flex\">\n<div class=\"wp-block-column is-vertically-aligned-stretch is-layout-flow wp-block-column-is-layout-flow\">\n<h6 class=\"wp-block-heading has-text-align-left has-text-color has-link-color wp-elements-4693bafea8af55bd64190d796a1924ce\" style=\"color:#ffffff;font-style:normal;font-weight:300\">Yhteystiedot<\/h6>\n\n\n\n<div class=\"wp-block-group is-vertical is-layout-flex wp-container-core-group-is-layout-8cf370e7 wp-block-group-is-layout-flex\" style=\"font-style:normal;font-weight:300\">\n<p>Terveystieteiden ainej\u00e4rjest\u00f6 Salus ry<\/p>\n\n\n\n<p>Tampereen yliopisto<\/p>\n\n\n\n<p>Arvo Ylp\u00f6n katu 34<\/p>\n\n\n\n<p>33520 Tampere<\/p>\n<\/div>\n\n\n\n<div style=\"height:24px\" aria-hidden=\"true\" class=\"wp-block-spacer\"><\/div>\n<\/div>\n\n\n\n<div class=\"wp-block-column is-layout-flow wp-block-column-is-layout-flow\">\n<h6 class=\"wp-block-heading has-text-align-left has-text-color has-link-color wp-elements-2c742c5d17627c76e0cac35e579c82d4\" style=\"color:#ffffff;font-style:normal;font-weight:300\">AINEJ\u00c4RJEST\u00d6TILA saltsu<\/h6>\n\n\n\n<div class=\"wp-block-group is-vertical is-layout-flex wp-container-core-group-is-layout-8cf370e7 wp-block-group-is-layout-flex\">\n<p>Kaupin kampus<\/p>\n\n\n\n<p>Huone F112<\/p>\n\n\n\n<p class=\"has-text-align-center\"><span style=\"caret-color: rgb(0, 0, 0); color: rgb(0, 0, 0); font-family: -webkit-standard; font-size: medium; white-space: normal;\">&nbsp;<\/span><\/p>\n\n\n\n<div class=\"wp-block-columns is-layout-flex wp-container-core-columns-is-layout-9d6595d7 wp-block-columns-is-layout-flex\">\n<div class=\"wp-block-column is-layout-flow wp-block-column-is-layout-flow\" style=\"flex-basis:100%\"><\/div>\n<\/div>\n<\/div>\n<\/div>\n\n\n\n<div class=\"wp-block-column is-layout-flow wp-block-column-is-layout-flow\">\n<h6 class=\"wp-block-heading has-text-align-left has-text-color has-link-color wp-elements-d20389efd47f8260095db7026ce8305e\" style=\"color:#fffefe;font-style:normal;font-weight:300\">somekanavat<\/h6>\n\n\n\n<ul class=\"wp-block-social-links has-large-icon-size has-icon-color has-icon-background-color is-style-default is-content-justification-left is-layout-flex wp-container-core-social-links-is-layout-fdcfc74e wp-block-social-links-is-layout-flex\"><li style=\"color:#ffffff;background-color:#000000;\" class=\"wp-social-link wp-social-link-instagram has-white-color has-primary-background-color wp-block-social-link\"><a href=\"https:\/\/www.instagram.com\/salusry\/\" class=\"wp-block-social-link-anchor\"><svg width=\"24\" height=\"24\" viewBox=\"0 0 24 24\" version=\"1.1\" xmlns=\"http:\/\/www.w3.org\/2000\/svg\" aria-hidden=\"true\" focusable=\"false\"><path d=\"M12,4.622c2.403,0,2.688,0.009,3.637,0.052c0.877,0.04,1.354,0.187,1.671,0.31c0.42,0.163,0.72,0.358,1.035,0.673 c0.315,0.315,0.51,0.615,0.673,1.035c0.123,0.317,0.27,0.794,0.31,1.671c0.043,0.949,0.052,1.234,0.052,3.637 s-0.009,2.688-0.052,3.637c-0.04,0.877-0.187,1.354-0.31,1.671c-0.163,0.42-0.358,0.72-0.673,1.035 c-0.315,0.315-0.615,0.51-1.035,0.673c-0.317,0.123-0.794,0.27-1.671,0.31c-0.949,0.043-1.233,0.052-3.637,0.052 s-2.688-0.009-3.637-0.052c-0.877-0.04-1.354-0.187-1.671-0.31c-0.42-0.163-0.72-0.358-1.035-0.673 c-0.315-0.315-0.51-0.615-0.673-1.035c-0.123-0.317-0.27-0.794-0.31-1.671C4.631,14.688,4.622,14.403,4.622,12 s0.009-2.688,0.052-3.637c0.04-0.877,0.187-1.354,0.31-1.671c0.163-0.42,0.358-0.72,0.673-1.035 c0.315-0.315,0.615-0.51,1.035-0.673c0.317-0.123,0.794-0.27,1.671-0.31C9.312,4.631,9.597,4.622,12,4.622 M12,3 C9.556,3,9.249,3.01,8.289,3.054C7.331,3.098,6.677,3.25,6.105,3.472C5.513,3.702,5.011,4.01,4.511,4.511 c-0.5,0.5-0.808,1.002-1.038,1.594C3.25,6.677,3.098,7.331,3.054,8.289C3.01,9.249,3,9.556,3,12c0,2.444,0.01,2.751,0.054,3.711 c0.044,0.958,0.196,1.612,0.418,2.185c0.23,0.592,0.538,1.094,1.038,1.594c0.5,0.5,1.002,0.808,1.594,1.038 c0.572,0.222,1.227,0.375,2.185,0.418C9.249,20.99,9.556,21,12,21s2.751-0.01,3.711-0.054c0.958-0.044,1.612-0.196,2.185-0.418 c0.592-0.23,1.094-0.538,1.594-1.038c0.5-0.5,0.808-1.002,1.038-1.594c0.222-0.572,0.375-1.227,0.418-2.185 C20.99,14.751,21,14.444,21,12s-0.01-2.751-0.054-3.711c-0.044-0.958-0.196-1.612-0.418-2.185c-0.23-0.592-0.538-1.094-1.038-1.594 c-0.5-0.5-1.002-0.808-1.594-1.038c-0.572-0.222-1.227-0.375-2.185-0.418C14.751,3.01,14.444,3,12,3L12,3z M12,7.378 c-2.552,0-4.622,2.069-4.622,4.622S9.448,16.622,12,16.622s4.622-2.069,4.622-4.622S14.552,7.378,12,7.378z M12,15 c-1.657,0-3-1.343-3-3s1.343-3,3-3s3,1.343,3,3S13.657,15,12,15z M16.804,6.116c-0.596,0-1.08,0.484-1.08,1.08 s0.484,1.08,1.08,1.08c0.596,0,1.08-0.484,1.08-1.08S17.401,6.116,16.804,6.116z\"><\/path><\/svg><span class=\"wp-block-social-link-label screen-reader-text\">Instagram<\/span><\/a><\/li>\n\n<li style=\"color:#ffffff;background-color:#000000;\" class=\"wp-social-link wp-social-link-tiktok has-white-color has-primary-background-color wp-block-social-link\"><a href=\"https:\/\/www.tiktok.com\/@salus_ry?_r=1&#038;_t=ZN-92yq11aWv3P\" class=\"wp-block-social-link-anchor\"><svg width=\"24\" height=\"24\" viewBox=\"0 0 32 32\" version=\"1.1\" xmlns=\"http:\/\/www.w3.org\/2000\/svg\" aria-hidden=\"true\" focusable=\"false\"><path d=\"M16.708 0.027c1.745-0.027 3.48-0.011 5.213-0.027 0.105 2.041 0.839 4.12 2.333 5.563 1.491 1.479 3.6 2.156 5.652 2.385v5.369c-1.923-0.063-3.855-0.463-5.6-1.291-0.76-0.344-1.468-0.787-2.161-1.24-0.009 3.896 0.016 7.787-0.025 11.667-0.104 1.864-0.719 3.719-1.803 5.255-1.744 2.557-4.771 4.224-7.88 4.276-1.907 0.109-3.812-0.411-5.437-1.369-2.693-1.588-4.588-4.495-4.864-7.615-0.032-0.667-0.043-1.333-0.016-1.984 0.24-2.537 1.495-4.964 3.443-6.615 2.208-1.923 5.301-2.839 8.197-2.297 0.027 1.975-0.052 3.948-0.052 5.923-1.323-0.428-2.869-0.308-4.025 0.495-0.844 0.547-1.485 1.385-1.819 2.333-0.276 0.676-0.197 1.427-0.181 2.145 0.317 2.188 2.421 4.027 4.667 3.828 1.489-0.016 2.916-0.88 3.692-2.145 0.251-0.443 0.532-0.896 0.547-1.417 0.131-2.385 0.079-4.76 0.095-7.145 0.011-5.375-0.016-10.735 0.025-16.093z\" \/><\/svg><span class=\"wp-block-social-link-label screen-reader-text\">TikTok<\/span><\/a><\/li>\n\n<li style=\"color:#ffffff;background-color:#000000;\" class=\"wp-social-link wp-social-link-linkedin has-white-color has-primary-background-color wp-block-social-link\"><a href=\"https:\/\/www.google.com\/url?sa=t&#038;source=web&#038;rct=j&#038;opi=89978449&#038;url=https:\/\/fi.linkedin.com\/in\/terveystieteiden-ainej%25C3%25A4rjest%25C3%25B6-salus-ry-927807139&#038;ved=2ahUKEwiDqd7Pt-iSAxVXIRAIHU9WA1AQFnoECBkQAQ&#038;usg=AOvVaw1iucUkVeuBb_uqkiIBkUm1\" class=\"wp-block-social-link-anchor\"><svg width=\"24\" height=\"24\" viewBox=\"0 0 24 24\" version=\"1.1\" xmlns=\"http:\/\/www.w3.org\/2000\/svg\" aria-hidden=\"true\" focusable=\"false\"><path d=\"M19.7,3H4.3C3.582,3,3,3.582,3,4.3v15.4C3,20.418,3.582,21,4.3,21h15.4c0.718,0,1.3-0.582,1.3-1.3V4.3 C21,3.582,20.418,3,19.7,3z M8.339,18.338H5.667v-8.59h2.672V18.338z M7.004,8.574c-0.857,0-1.549-0.694-1.549-1.548 c0-0.855,0.691-1.548,1.549-1.548c0.854,0,1.547,0.694,1.547,1.548C8.551,7.881,7.858,8.574,7.004,8.574z M18.339,18.338h-2.669 v-4.177c0-0.996-0.017-2.278-1.387-2.278c-1.389,0-1.601,1.086-1.601,2.206v4.249h-2.667v-8.59h2.559v1.174h0.037 c0.356-0.675,1.227-1.387,2.526-1.387c2.703,0,3.203,1.779,3.203,4.092V18.338z\"><\/path><\/svg><span class=\"wp-block-social-link-label screen-reader-text\">LinkedIn<\/span><\/a><\/li><\/ul>\n\n\n\n<p class=\"has-text-align-left\" style=\"font-size:14px\">Salus ry | <a href=\"https:\/\/drive.google.com\/file\/d\/1H2RSx44AHSTD1OdW5by_ktaQgFrsyEKg\/view\">J\u00e4sen\u2013 ja tapahtumarekisterin tietosuojaseloste<\/a> <\/p>\n<\/div>\n<\/div>\n<\/div>\n","protected":false},"excerpt":{"rendered":"<p>Ainej\u00e4rjest\u00f6n s\u00e4\u00e4nn\u00f6t Nimi: Terveystieteiden ainej\u00e4rjest\u00f6 Salus ryOsoite:&nbsp;Arvo Ylp\u00f6n katu 34, 33520 TampereRekisterinumero: 214.527Merkitty rekisteriin: 5.3.2015 N\u00e4m\u00e4 s\u00e4\u00e4nn\u00f6t on hyv\u00e4ksytty yhdistyksen syyskokouksessa 15.11.2018 ja vahvistettu Patentti- ja rekisterihallinnossa 7.12.2018, josta alkaen s\u00e4\u00e4nn\u00f6t ovat voimassa. 1. Yhdistyksen nimi ja kotipaikka Yhdistyksen nimi on Terveystieteiden ainej\u00e4rjest\u00f6 Salus ry ja sen kotipaikka on Tampere. 2. Tarkoitus ja toiminta Yhdistys [&hellip;]<\/p>\n","protected":false},"author":1,"featured_media":0,"parent":1504,"menu_order":2,"comment_status":"closed","ping_status":"closed","template":"","meta":{"footnotes":""},"class_list":["post-533","page","type-page","status-publish","hentry"],"_links":{"self":[{"href":"https:\/\/salusry.fi\/index.php\/wp-json\/wp\/v2\/pages\/533","targetHints":{"allow":["GET"]}}],"collection":[{"href":"https:\/\/salusry.fi\/index.php\/wp-json\/wp\/v2\/pages"}],"about":[{"href":"https:\/\/salusry.fi\/index.php\/wp-json\/wp\/v2\/types\/page"}],"author":[{"embeddable":true,"href":"https:\/\/salusry.fi\/index.php\/wp-json\/wp\/v2\/users\/1"}],"replies":[{"embeddable":true,"href":"https:\/\/salusry.fi\/index.php\/wp-json\/wp\/v2\/comments?post=533"}],"version-history":[{"count":13,"href":"https:\/\/salusry.fi\/index.php\/wp-json\/wp\/v2\/pages\/533\/revisions"}],"predecessor-version":[{"id":2622,"href":"https:\/\/salusry.fi\/index.php\/wp-json\/wp\/v2\/pages\/533\/revisions\/2622"}],"up":[{"embeddable":true,"href":"https:\/\/salusry.fi\/index.php\/wp-json\/wp\/v2\/pages\/1504"}],"wp:attachment":[{"href":"https:\/\/salusry.fi\/index.php\/wp-json\/wp\/v2\/media?parent=533"}],"curies":[{"name":"wp","href":"https:\/\/api.w.org\/{rel}","templated":true}]}}