{"id":59,"date":"2015-05-03T15:34:52","date_gmt":"2015-05-03T13:34:52","guid":{"rendered":"http:\/\/salusry.fi\/?page_id=59"},"modified":"2026-04-25T00:00:08","modified_gmt":"2026-04-24T22:00:08","slug":"edunvalvonta","status":"publish","type":"page","link":"https:\/\/salusry.fi\/index.php\/edunvalvonta\/","title":{"rendered":"Edunvalvonta"},"content":{"rendered":"\n<h2 class=\"wp-block-heading\" style=\"font-size:42px;font-style:normal;font-weight:300\">Edunvalvonta<\/h2>\n\n\n<p>Ainej\u00e4rjest\u00f6jen yksi keskeinen teht\u00e4v\u00e4 on toimia opiskelijoiden edunvalvojana. Terveystieteiden opiskelijoiden edunvalvonta on Salus ry:n t\u00e4rkeimpi\u00e4 teht\u00e4vi\u00e4. Vuosittain valittava <a href=\"https:\/\/salusry.fi\/index.php\/hallitus\/hallitus-2020\/\">Salus ry:n hallitus<\/a> vastaa ainej\u00e4rjest\u00f6n edunvalvonnasta yleens\u00e4. Lis\u00e4ksi hallituksen koulutuspoliittinen vastaava huolehtii erityisesti opiskeluun liittyv\u00e4st\u00e4 edunvalvonnasta.<\/p>\n<p>Tampereen ylioppilaskunta TREY on kaikkien Tampereen yliopiston 18 000 opiskelijan edunvalvoja. TREY tekee paljon vaikuttamisty\u00f6t\u00e4 opiskelijoiden edun puolesta, sek\u00e4 tukee j\u00e4rjest\u00f6toimintaa ja yhteis\u00f6llisyytt\u00e4 ja tarjoaa j\u00e4senpalveluita. Lue lis\u00e4\u00e4 TREY:n <a href=\"https:\/\/trey.fi\/edunvalvonta\">koulutuspolitiikkasivulta<\/a>.<\/p>\n<p>Yhteiskuntatieteiden tiedekunnan kattoainej\u00e4rjest\u00f6 YTY ry \u2013 Yhteiskunta ja terveystieteiden ylioppilaat huolehtii my\u00f6s tiedekunnan tasolla opiskelijoiden edunvalvonnasta ja tukee siin\u00e4 my\u00f6s ainej\u00e4rjest\u00f6j\u00e4.<\/p>\n<h2 class=\"wp-block-heading\"><span style=\"font-weight: normal;\">Koulutuspolitiikka<\/span><\/h2>\n<p>Koulutuspolitiikka eli kopo on edunvalvontaa opiskeluun, opetukseen ja opiskelijoiden oikeuksiin liittyviss\u00e4 asioissa.<\/p>\n<p>Koulutuspoliittisen toiminnan t\u00e4rke\u00e4n\u00e4 tavoitteena on saada opiskelijoiden \u00e4\u00e4ni kuuluviin ja edist\u00e4\u00e4 terveystieteiden opiskelijoiden etuja ja asemaa yliopistossa. Salus ry:n koulutuspoliittisina tavoitteina on joustavien opiskelumuotojen lis\u00e4\u00e4minen, laadukkaan opetuksen takaaminen ja opiskelijoiden tukeminen opiskeluun liittyviss\u00e4 ongelmatilanteissa.<\/p>\n<h5 class=\"wp-block-heading\"><span style=\"font-weight: normal;\">Mit\u00e4 Salus ry tekee?<\/span><\/h5>\n<ul class=\"wp-block-list\">\n<li>Seuraamme ajankohtaisia koulutuspoliittisia asioita ja v\u00e4lit\u00e4mme tietoa j\u00e4senist\u00f6lle<\/li>\n<li>Pid\u00e4mme yhteytt\u00e4 hallinnon opiskelijaedustajiin ja etsimme uudet opiskelijaedustajat tutkinto-ohjelman ty\u00f6ryhmiin<\/li>\n<li>Yll\u00e4pid\u00e4mme yhteyksi\u00e4 terveystietieteiden ja tiedekunnan hallintoon<\/li>\n<li>Selvit\u00e4mme terveystieteiden opiskeluun liittyvi\u00e4 kehityskohteita<\/li>\n<li>Autamme opiskelun ongelmatilanteissa<\/li>\n<\/ul>\n<h5 class=\"wp-block-heading\"><span style=\"font-weight: normal;\">J\u00e4t\u00e4 palautetta opiskelusta<\/span><\/h5>\n<p>Voit my\u00f6s antaa milloin vain palautetta koulutuspoliittisista asioista <a href=\"https:\/\/docs.google.com\/forms\/d\/e\/1FAIpQLSclY9077djtwkz0wwcDBEZ_LLBA-5CaQdRT942Tz3ThJDtQjA\/viewform\" data-type=\"link\" data-id=\"https:\/\/docs.google.com\/forms\/d\/e\/1FAIpQLSclY9077djtwkz0wwcDBEZ_LLBA-5CaQdRT942Tz3ThJDtQjA\/viewform\">Salus ry:n palautelomakkeella<\/a>. Hallitus k\u00e4sittelee palautteita joka kokouksessa. <a href=\"https:\/\/elomake3.uta.fi\/lomakkeet\/15195\/lomake.html\">Terveystieteiden avoimen palautelomakkeen<\/a> avulla voit j\u00e4tt\u00e4\u00e4 palautetta yksik\u00f6lle joko omalla nimell\u00e4si tai nimett\u00f6m\u00e4n\u00e4. Kaikki palautteet k\u00e4sitell\u00e4\u00e4n terveystieteiden palautety\u00f6ryhm\u00e4ss\u00e4.<\/p>\n<h5 class=\"wp-block-heading\"><span style=\"font-weight: normal;\">Ongelmatilanne opiskelussa?<\/span><\/h5>\n<p>Tutustu ensimm\u00e4isens\u00e4 TREY:n sivuilla opiskelijoiden<a href=\"https:\/\/trey.fi\/edunvalvonta\/koulutuspolitiikka\/opiskelijan-oikeudet-ja-vastuut\"> opiskelijoiden oikeuksiin ja vastuisiin<\/a>. Tarkempaa tietoa opintojen arvioinnista ja opiskelua koskevista s\u00e4\u00e4nn\u00f6ist\u00e4 l\u00f6yd\u00e4t yliopiston <a href=\"https:\/\/intra.tuni.fi\/handbook?page=2198&amp;search=arviointiohje\">arviointiohjeesta<\/a> ja <a href=\"https:\/\/intra.tuni.fi\/handbook?page=2264&amp;search=tutkintos%C3%A4%C3%A4nt%C3%B6\">tutkintos\u00e4\u00e4nn\u00f6st\u00e4<\/a>. Jos et l\u00f6yd\u00e4 apua tilanteeseesi tai toteat, ett\u00e4 sinua on kohdeltu ep\u00e4oikeudenmukaisesti, kannattaa ensin keskustella asiasta asianomaisen henkil\u00f6kunnan j\u00e4senen kanssa ratkaisun l\u00f6yt\u00e4miseksi.<\/p>\n<p>Ongelmatilanteissa toivomme yhteydenottoa Salus ry:n koulutuspoliittiseen vastaavaan, jotta ongelmantilanteen ehk\u00e4isyyn my\u00f6s muiden opiskelijoiden osalta voidaan vaikuttaa. Koulutuspoliittiselta vastaavalta saat my\u00f6s apua ongelmatilanteen selvittelyss\u00e4.<\/p>\n<p>Jos sinulla her\u00e4\u00e4 kysymyksi\u00e4 liittyen koulutuspoliittisiin asioihin, ole rohkeasti yhteydess\u00e4 hallitukseen!<\/p>\n\n\n<h4 class=\"wp-block-heading\" style=\"font-size:42px;font-style:normal;font-weight:300\">Yhdenvertaisuussuunnitelma<\/h4>\n\n\n\n<p class=\"has-primary-color has-text-color has-link-color wp-elements-944fc5c48bc8507bccdf37ff9d968b1a\">T\u00e4st\u00e4 p\u00e4\u00e4set lukemaan Salus ry:n <a href=\"https:\/\/drive.google.com\/file\/d\/12ByLygKHUjMDiys-8602QrVvOoDpIiJR\/view?usp=sharing\">yhdenvertaisuussuunnitelman<\/a>.<\/p>\n\n\n\n<h2 class=\"wp-block-heading\" style=\"font-size:42px;font-style:normal;font-weight:300\">Opiskelijaedustus hallintoelimiss\u00e4<\/h2>\n\n\n\n<p>Yliopiston t\u00e4rkeimmiss\u00e4 p\u00e4\u00e4tt\u00e4viss\u00e4 elimiss\u00e4 on kolmikantaedustus, joka takaa edustajat niin opiskelijoille, henkil\u00f6kunnalle kuin professoreillekin. Koulutukseen liittyv\u00e4n edunvalvonnan tehokkuuden ja toimivuuden mahdollistavat aktiiviset hallinnon opiskelijaedustajat eli hallopedit. Opiskelijaedustajien t\u00e4rkein teht\u00e4v\u00e4 on selvitt\u00e4\u00e4 ja tuoda esiin opiskelijoiden n\u00e4k\u00f6kulma opetuksen ja yliopistoyhteis\u00f6n kehitt\u00e4miseen.<\/p>\n\n\n\n<p class=\"has-primary-color has-text-color has-link-color wp-elements-b97f502c97e2480adc890122ae39e2ae\">Alla on listattu Yhteiskuntatieteiden tiedekunnassa toimivat toimikunnat, joissa tehd\u00e4\u00e4n terveystieteiden opiskelijoihin vaikuttavia p\u00e4\u00e4t\u00f6ksi\u00e4. Lis\u00e4tietoja terveystieteiden opiskelijoiden edustuksesta eri toimielimiss\u00e4 voi tiedustella Salus ry:n kopovastaavalta. <\/p>\n\n\n\n<p class=\"has-primary-color has-text-color has-link-color wp-elements-4742f35830e8fa8f7784cd49d21b2f3a\">Lis\u00e4\u00e4 koko yliopiston toimintaan vaikuttavista toimielimist\u00e4 ja niiden opiskelijaedustajista l\u00f6yd\u00e4t&nbsp;<a href=\"https:\/\/trey.fi\/osallistu-ja-vaikuta\/toimielimet-ja-vapaaehtoiset\">TREY:n sivuilta.<\/a><\/p>\n\n\n\n<h5 class=\"wp-block-heading\" style=\"font-style:normal;font-weight:300\">Yhteiskuntatieteiden tiedekuntaneuvosto<\/h5>\n\n\n\n<p>Tiedekuntaneuvostot p\u00e4\u00e4tt\u00e4v\u00e4t mm. opetuksen kehitt\u00e4misen isoista linjoista, tiedekunnan opetussuunnitelmista, taloudesta ja strategiasta. Tiedekuntaneuvostoon kuuluu 5 opiskelijaj\u00e4sent\u00e4 ja henkil\u00f6kohtaiset varaj\u00e4senet, jotka valitaan koko tiedekunnasta.<\/p>\n\n\n\n<h5 class=\"wp-block-heading\" style=\"font-style:normal;font-weight:300\">Koulutuksen ohjausryhm\u00e4<\/h5>\n\n\n\n<p>Valmisteleva ty\u00f6ryhm\u00e4, joka pohtii tiedekunnan linjauksia, suunnittelee opetusta ja valmistelee opetussuunnitelmat. Kohryyn kuuluu 5 opiskelijaj\u00e4sent\u00e4, jotka valitaan koko tiedekunnasta.<\/p>\n\n\n\n<h5 class=\"wp-block-heading\" style=\"font-style:normal;font-weight:300\">Terveystieteiden opetussuunnitelmaty\u00f6ryhm\u00e4<\/h5>\n\n\n\n<p>Toimii tutkinto-ohjelmatoimikunnan alaisuudessa valmistelevana toimielimen\u00e4 terveystieteiden tutkinto-ohjelmissa. K\u00e4sittelee tutkinto-ohjelmien asioita, kuten opetussuunnitelmia ja opiskelijavalintaperusteita. Ty\u00f6ryhm\u00e4\u00e4n kuuluu opiskelijaedustajat sek\u00e4 kansanterveystieteen ett\u00e4 hoitotieteen opintosuunnista<\/p>\n\n\n\n<h5 class=\"wp-block-heading\" style=\"font-style:normal;font-weight:300\">Terveystieteiden palautety\u00f6ryhm\u00e4<\/h5>\n\n\n\n<p>Palautety\u00f6ryhm\u00e4n tarkoituksena on kehitt\u00e4\u00e4 terveystieteiden tiedon keruun, analysoinnin ja hy\u00f6dynt\u00e4misen menettelyj\u00e4. Teht\u00e4v\u00e4n\u00e4 on ker\u00e4t\u00e4 opiskelijapalautetta ja k\u00e4sitell\u00e4 niit\u00e4 palautety\u00f6ryhm\u00e4n kokouksissa, joita on viisi kertaa vuodessa. Palautety\u00f6ryhm\u00e4ss\u00e4 k\u00e4sitell\u00e4\u00e4n palautetta terveystieteiden yleiselt\u00e4 palautelomakkeelta. Ty\u00f6ryhm\u00e4\u00e4n kuuluu opiskelijaedustajat sek\u00e4 kansanterveystieteen ett\u00e4 hoitotieteen opintosuunnista.<\/p>\n\n\n\n<p><\/p>\n\n\n\n<p>Lis\u00e4tietoja saat tarvittaessa kopolta!&nbsp;<\/p>\n\n\n\n<div style=\"height:100px\" aria-hidden=\"true\" class=\"wp-block-spacer\"><\/div>\n\n\n\n<div class=\"wp-block-group alignfull has-background-color has-white-color has-primary-background-color has-text-color has-background has-link-color wp-elements-4b06006e0f63cf4b431d50fcba9fc30b is-content-justification-center is-nowrap is-layout-flex wp-container-core-group-is-layout-873c97bd wp-block-group-is-layout-flex\" style=\"min-height:40vh;margin-top:0;margin-bottom:0;padding-top:var(--wp--preset--spacing--60);padding-right:var(--wp--preset--spacing--40);padding-bottom:var(--wp--preset--spacing--60);padding-left:var(--wp--preset--spacing--40)\">\n<div class=\"wp-block-columns alignwide has-small-font-size is-layout-flex wp-container-core-columns-is-layout-9d6595d7 wp-block-columns-is-layout-flex\">\n<div class=\"wp-block-column is-vertically-aligned-stretch is-layout-flow wp-block-column-is-layout-flow\">\n<h6 class=\"wp-block-heading has-text-align-left has-text-color has-link-color wp-elements-4693bafea8af55bd64190d796a1924ce\" style=\"color:#ffffff;font-style:normal;font-weight:300\">Yhteystiedot<\/h6>\n\n\n\n<div class=\"wp-block-group is-vertical is-layout-flex wp-container-core-group-is-layout-8cf370e7 wp-block-group-is-layout-flex\" style=\"font-style:normal;font-weight:300\">\n<p>Terveystieteiden ainej\u00e4rjest\u00f6 Salus ry<\/p>\n\n\n\n<p>Tampereen yliopisto<\/p>\n\n\n\n<p>Arvo Ylp\u00f6n katu 34<\/p>\n\n\n\n<p>33520 Tampere<\/p>\n<\/div>\n\n\n\n<div style=\"height:24px\" aria-hidden=\"true\" class=\"wp-block-spacer\"><\/div>\n<\/div>\n\n\n\n<div class=\"wp-block-column is-layout-flow wp-block-column-is-layout-flow\">\n<h6 class=\"wp-block-heading has-text-align-left has-text-color has-link-color wp-elements-2c742c5d17627c76e0cac35e579c82d4\" style=\"color:#ffffff;font-style:normal;font-weight:300\">AINEJ\u00c4RJEST\u00d6TILA saltsu<\/h6>\n\n\n\n<div class=\"wp-block-group is-vertical is-layout-flex wp-container-core-group-is-layout-8cf370e7 wp-block-group-is-layout-flex\">\n<p>Kaupin kampus<\/p>\n\n\n\n<p>Huone F112<\/p>\n\n\n\n<p class=\"has-text-align-center\"><span style=\"caret-color: rgb(0, 0, 0); color: rgb(0, 0, 0); font-family: -webkit-standard; font-size: medium; white-space: normal;\">&nbsp;<\/span><\/p>\n\n\n\n<div class=\"wp-block-columns is-layout-flex wp-container-core-columns-is-layout-9d6595d7 wp-block-columns-is-layout-flex\">\n<div class=\"wp-block-column is-layout-flow wp-block-column-is-layout-flow\" style=\"flex-basis:100%\"><\/div>\n<\/div>\n<\/div>\n<\/div>\n\n\n\n<div class=\"wp-block-column is-layout-flow wp-block-column-is-layout-flow\">\n<h6 class=\"wp-block-heading has-text-align-left has-text-color has-link-color wp-elements-d20389efd47f8260095db7026ce8305e\" style=\"color:#fffefe;font-style:normal;font-weight:300\">somekanavat<\/h6>\n\n\n\n<ul class=\"wp-block-social-links has-large-icon-size has-icon-color has-icon-background-color is-style-default is-content-justification-left is-layout-flex wp-container-core-social-links-is-layout-fdcfc74e wp-block-social-links-is-layout-flex\"><li style=\"color:#ffffff;background-color:#000000;\" class=\"wp-social-link wp-social-link-instagram has-white-color has-primary-background-color wp-block-social-link\"><a href=\"https:\/\/www.instagram.com\/salusry\/\" class=\"wp-block-social-link-anchor\"><svg width=\"24\" height=\"24\" viewBox=\"0 0 24 24\" version=\"1.1\" xmlns=\"http:\/\/www.w3.org\/2000\/svg\" aria-hidden=\"true\" focusable=\"false\"><path d=\"M12,4.622c2.403,0,2.688,0.009,3.637,0.052c0.877,0.04,1.354,0.187,1.671,0.31c0.42,0.163,0.72,0.358,1.035,0.673 c0.315,0.315,0.51,0.615,0.673,1.035c0.123,0.317,0.27,0.794,0.31,1.671c0.043,0.949,0.052,1.234,0.052,3.637 s-0.009,2.688-0.052,3.637c-0.04,0.877-0.187,1.354-0.31,1.671c-0.163,0.42-0.358,0.72-0.673,1.035 c-0.315,0.315-0.615,0.51-1.035,0.673c-0.317,0.123-0.794,0.27-1.671,0.31c-0.949,0.043-1.233,0.052-3.637,0.052 s-2.688-0.009-3.637-0.052c-0.877-0.04-1.354-0.187-1.671-0.31c-0.42-0.163-0.72-0.358-1.035-0.673 c-0.315-0.315-0.51-0.615-0.673-1.035c-0.123-0.317-0.27-0.794-0.31-1.671C4.631,14.688,4.622,14.403,4.622,12 s0.009-2.688,0.052-3.637c0.04-0.877,0.187-1.354,0.31-1.671c0.163-0.42,0.358-0.72,0.673-1.035 c0.315-0.315,0.615-0.51,1.035-0.673c0.317-0.123,0.794-0.27,1.671-0.31C9.312,4.631,9.597,4.622,12,4.622 M12,3 C9.556,3,9.249,3.01,8.289,3.054C7.331,3.098,6.677,3.25,6.105,3.472C5.513,3.702,5.011,4.01,4.511,4.511 c-0.5,0.5-0.808,1.002-1.038,1.594C3.25,6.677,3.098,7.331,3.054,8.289C3.01,9.249,3,9.556,3,12c0,2.444,0.01,2.751,0.054,3.711 c0.044,0.958,0.196,1.612,0.418,2.185c0.23,0.592,0.538,1.094,1.038,1.594c0.5,0.5,1.002,0.808,1.594,1.038 c0.572,0.222,1.227,0.375,2.185,0.418C9.249,20.99,9.556,21,12,21s2.751-0.01,3.711-0.054c0.958-0.044,1.612-0.196,2.185-0.418 c0.592-0.23,1.094-0.538,1.594-1.038c0.5-0.5,0.808-1.002,1.038-1.594c0.222-0.572,0.375-1.227,0.418-2.185 C20.99,14.751,21,14.444,21,12s-0.01-2.751-0.054-3.711c-0.044-0.958-0.196-1.612-0.418-2.185c-0.23-0.592-0.538-1.094-1.038-1.594 c-0.5-0.5-1.002-0.808-1.594-1.038c-0.572-0.222-1.227-0.375-2.185-0.418C14.751,3.01,14.444,3,12,3L12,3z M12,7.378 c-2.552,0-4.622,2.069-4.622,4.622S9.448,16.622,12,16.622s4.622-2.069,4.622-4.622S14.552,7.378,12,7.378z M12,15 c-1.657,0-3-1.343-3-3s1.343-3,3-3s3,1.343,3,3S13.657,15,12,15z M16.804,6.116c-0.596,0-1.08,0.484-1.08,1.08 s0.484,1.08,1.08,1.08c0.596,0,1.08-0.484,1.08-1.08S17.401,6.116,16.804,6.116z\"><\/path><\/svg><span class=\"wp-block-social-link-label screen-reader-text\">Instagram<\/span><\/a><\/li>\n\n<li style=\"color:#ffffff;background-color:#000000;\" class=\"wp-social-link wp-social-link-tiktok has-white-color has-primary-background-color wp-block-social-link\"><a href=\"https:\/\/www.tiktok.com\/@salus_ry?_r=1&#038;_t=ZN-92yq11aWv3P\" class=\"wp-block-social-link-anchor\"><svg width=\"24\" height=\"24\" viewBox=\"0 0 32 32\" version=\"1.1\" xmlns=\"http:\/\/www.w3.org\/2000\/svg\" aria-hidden=\"true\" focusable=\"false\"><path d=\"M16.708 0.027c1.745-0.027 3.48-0.011 5.213-0.027 0.105 2.041 0.839 4.12 2.333 5.563 1.491 1.479 3.6 2.156 5.652 2.385v5.369c-1.923-0.063-3.855-0.463-5.6-1.291-0.76-0.344-1.468-0.787-2.161-1.24-0.009 3.896 0.016 7.787-0.025 11.667-0.104 1.864-0.719 3.719-1.803 5.255-1.744 2.557-4.771 4.224-7.88 4.276-1.907 0.109-3.812-0.411-5.437-1.369-2.693-1.588-4.588-4.495-4.864-7.615-0.032-0.667-0.043-1.333-0.016-1.984 0.24-2.537 1.495-4.964 3.443-6.615 2.208-1.923 5.301-2.839 8.197-2.297 0.027 1.975-0.052 3.948-0.052 5.923-1.323-0.428-2.869-0.308-4.025 0.495-0.844 0.547-1.485 1.385-1.819 2.333-0.276 0.676-0.197 1.427-0.181 2.145 0.317 2.188 2.421 4.027 4.667 3.828 1.489-0.016 2.916-0.88 3.692-2.145 0.251-0.443 0.532-0.896 0.547-1.417 0.131-2.385 0.079-4.76 0.095-7.145 0.011-5.375-0.016-10.735 0.025-16.093z\" \/><\/svg><span class=\"wp-block-social-link-label screen-reader-text\">TikTok<\/span><\/a><\/li>\n\n<li style=\"color:#ffffff;background-color:#000000;\" class=\"wp-social-link wp-social-link-linkedin has-white-color has-primary-background-color wp-block-social-link\"><a href=\"https:\/\/www.google.com\/url?sa=t&#038;source=web&#038;rct=j&#038;opi=89978449&#038;url=https:\/\/fi.linkedin.com\/in\/terveystieteiden-ainej%25C3%25A4rjest%25C3%25B6-salus-ry-927807139&#038;ved=2ahUKEwiDqd7Pt-iSAxVXIRAIHU9WA1AQFnoECBkQAQ&#038;usg=AOvVaw1iucUkVeuBb_uqkiIBkUm1\" class=\"wp-block-social-link-anchor\"><svg width=\"24\" height=\"24\" viewBox=\"0 0 24 24\" version=\"1.1\" xmlns=\"http:\/\/www.w3.org\/2000\/svg\" aria-hidden=\"true\" focusable=\"false\"><path d=\"M19.7,3H4.3C3.582,3,3,3.582,3,4.3v15.4C3,20.418,3.582,21,4.3,21h15.4c0.718,0,1.3-0.582,1.3-1.3V4.3 C21,3.582,20.418,3,19.7,3z M8.339,18.338H5.667v-8.59h2.672V18.338z M7.004,8.574c-0.857,0-1.549-0.694-1.549-1.548 c0-0.855,0.691-1.548,1.549-1.548c0.854,0,1.547,0.694,1.547,1.548C8.551,7.881,7.858,8.574,7.004,8.574z M18.339,18.338h-2.669 v-4.177c0-0.996-0.017-2.278-1.387-2.278c-1.389,0-1.601,1.086-1.601,2.206v4.249h-2.667v-8.59h2.559v1.174h0.037 c0.356-0.675,1.227-1.387,2.526-1.387c2.703,0,3.203,1.779,3.203,4.092V18.338z\"><\/path><\/svg><span class=\"wp-block-social-link-label screen-reader-text\">LinkedIn<\/span><\/a><\/li><\/ul>\n\n\n\n<p class=\"has-text-align-left\" style=\"font-size:14px\">Salus ry | <a href=\"https:\/\/drive.google.com\/file\/d\/1H2RSx44AHSTD1OdW5by_ktaQgFrsyEKg\/view\">J\u00e4sen\u2013 ja tapahtumarekisterin tietosuojaseloste<\/a> <\/p>\n<\/div>\n<\/div>\n<\/div>\n","protected":false},"excerpt":{"rendered":"<p>Edunvalvonta Ainej\u00e4rjest\u00f6jen yksi keskeinen teht\u00e4v\u00e4 on toimia opiskelijoiden edunvalvojana. Terveystieteiden opiskelijoiden edunvalvonta on Salus ry:n t\u00e4rkeimpi\u00e4 teht\u00e4vi\u00e4. Vuosittain valittava Salus ry:n hallitus vastaa ainej\u00e4rjest\u00f6n edunvalvonnasta yleens\u00e4. Lis\u00e4ksi hallituksen koulutuspoliittinen vastaava huolehtii erityisesti opiskeluun liittyv\u00e4st\u00e4 edunvalvonnasta. Tampereen ylioppilaskunta TREY on kaikkien Tampereen yliopiston 18 000 opiskelijan edunvalvoja. TREY tekee paljon vaikuttamisty\u00f6t\u00e4 opiskelijoiden edun puolesta, sek\u00e4 tukee [&hellip;]<\/p>\n","protected":false},"author":1,"featured_media":0,"parent":0,"menu_order":2,"comment_status":"closed","ping_status":"closed","template":"","meta":{"footnotes":""},"class_list":["post-59","page","type-page","status-publish","hentry"],"_links":{"self":[{"href":"https:\/\/salusry.fi\/index.php\/wp-json\/wp\/v2\/pages\/59","targetHints":{"allow":["GET"]}}],"collection":[{"href":"https:\/\/salusry.fi\/index.php\/wp-json\/wp\/v2\/pages"}],"about":[{"href":"https:\/\/salusry.fi\/index.php\/wp-json\/wp\/v2\/types\/page"}],"author":[{"embeddable":true,"href":"https:\/\/salusry.fi\/index.php\/wp-json\/wp\/v2\/users\/1"}],"replies":[{"embeddable":true,"href":"https:\/\/salusry.fi\/index.php\/wp-json\/wp\/v2\/comments?post=59"}],"version-history":[{"count":24,"href":"https:\/\/salusry.fi\/index.php\/wp-json\/wp\/v2\/pages\/59\/revisions"}],"predecessor-version":[{"id":2706,"href":"https:\/\/salusry.fi\/index.php\/wp-json\/wp\/v2\/pages\/59\/revisions\/2706"}],"wp:attachment":[{"href":"https:\/\/salusry.fi\/index.php\/wp-json\/wp\/v2\/media?parent=59"}],"curies":[{"name":"wp","href":"https:\/\/api.w.org\/{rel}","templated":true}]}}