{"id":76,"date":"2015-05-03T15:48:44","date_gmt":"2015-05-03T13:48:44","guid":{"rendered":"http:\/\/salusry.fi\/?page_id=76"},"modified":"2026-04-25T00:20:08","modified_gmt":"2026-04-24T22:20:08","slug":"opiskelukaytannot","status":"publish","type":"page","link":"https:\/\/salusry.fi\/index.php\/opiskelu\/opiskelukaytannot\/","title":{"rendered":"Mit\u00e4 me opiskelemme?"},"content":{"rendered":"\n<h2 class=\"wp-block-heading\" style=\"font-style:normal;font-weight:300\">Terveystieteiden opiskelu Tampereen yliopistossa<\/h2>\n\n\n<h5><strong>Tampereen yliopistossa terveystieteit\u00e4 voi opiskella p\u00e4\u00e4aineena hoitotiedett\u00e4 tai kansanterveystiedett\u00e4.<\/strong><\/h5>\n<h5><span style=\"font-weight: normal;\">Terveystieteiden yksikk\u00f6<\/span><\/h5>\n<p><\/p>\n<p class=\"wp-block-heading has-text-align-left has-primary-color has-text-color has-link-color wp-elements-42c72ea4c76104679bcd25d1e81cf256\">Terveystieteiden yksik\u00f6ss\u00e4 opiskellaan monipuolisesti terveyteen, hyvinvointiin ja yhteiskuntaan liittyvi\u00e4 ilmi\u00f6it\u00e4. Opinnot ovat monitieteisi\u00e4 ja yhdist\u00e4v\u00e4t terveystieteit\u00e4 ja yhteiskuntatieteit\u00e4. Yksik\u00f6ss\u00e4 voi perehty\u00e4 muun muassa epidemiologiaan, biostatistiikkaan, gerontologiaan, hoitotieteeseen sek\u00e4 terveyden edist\u00e4miseen.<\/p>\n<p> <\/p>\n<p class=\"wp-block-heading has-text-align-left\">Lis\u00e4ksi opintoihin kuuluu teemoja kuten globaali terveys, ty\u00f6 ja ymp\u00e4rist\u00f6 sek\u00e4 terveys- ja hyvinvointij\u00e4rjestelm\u00e4t, joihin sis\u00e4ltyv\u00e4t esimerkiksi sosiaali- ja terveyspolitiikka, terveystaloustiede ja terveydenhuoltotutkimus. Opintojen aikana muodostuu ymm\u00e4rrys terveyteen vaikuttavista tekij\u00f6ist\u00e4, sairauksien ehk\u00e4isyst\u00e4 sek\u00e4 terveyspalvelujen ja hyvinvoinnin kehitt\u00e4misest\u00e4 yksil\u00f6- ja yhteiskuntatasolla.<\/p>\n<p data-start=\"73\" data-end=\"417\">Terveystieteiden yksikk\u00f6 toimii Maailman terveysj\u00e4rjest\u00f6n yhteisty\u00f6keskuksena ja on keskeinen toimija terveyden ja hyvinvoinnin edist\u00e4misess\u00e4 my\u00f6s kansainv\u00e4lisesti. Tutkimus on tiiviiss\u00e4 vuorovaikutuksessa kansalaisten, terveyden ammattilaisten, tutkimuslaitosten ja p\u00e4\u00e4t\u00f6ksentekij\u00f6iden kanssa, mik\u00e4 tukee tulosten k\u00e4yt\u00e4nn\u00f6n sovellettavuutta.<\/p>\n<p data-start=\"419\" data-end=\"800\">Yksik\u00f6ss\u00e4 toimitaan aktiivisesti useissa tutkimuskeskuksissa, kuten Gerontologian tutkimuskeskuksessa (GEREC) ja Eturauhassy\u00f6v\u00e4n tutkimuskeskuksessa (PCRC), sek\u00e4 Ik\u00e4\u00e4ntymisen ja hoivan tutkimuksen huippuyksik\u00f6ss\u00e4 ja The Center for Global Public Health Research and Training (CGPH) -keskuksessa. Yhteisty\u00f6 ja asiantuntemus tukevat p\u00e4\u00e4t\u00f6ksentekoa ja terveyspolitiikan kehitt\u00e4mist\u00e4. (Tampereen yliopisto)<\/p>\n<p><\/p>\n<h5><span style=\"font-weight: normal;\">Hoitotiede<\/span><\/h5>\n<p><span style=\"color: #000000;\">Hoitotiedett\u00e4<\/span> opiskelemaan hakevalla tulee olla pohjakoulutuksena hoitoalan ammattikorkeakoulu- tai opistoasteen tutkinto. Tampereen yliopistossa hoitotiedett\u00e4 voi opiskella maisterivaiheessa. Hoitotieteen opiskelijat valitsevat opinnoissa opintosuunnakseen joko hoitoty\u00f6n opettamisen tai hoitoty\u00f6n johtamisen ty\u00f6harjoittelun. Hoitotieteen maisteriohjelmaan (ylempi korkeakoulututkinto) vaaditaan yleens\u00e4 soveltuva ammattikorkeakoulututkinto, kuten sairaanhoitaja, k\u00e4til\u00f6, terveydenhoitaja tai ensihoitaja (AMK).<\/p>\n<p>Hoitotiede on terveystieteisiin kuuluva tieteenala, jossa tutkitaan yksil\u00f6iden ja perheiden terveytt\u00e4, hyvinvointia ja hoitamista erilaisissa ymp\u00e4rist\u00f6iss\u00e4.<strong>\u00a0<\/strong>Hoitamista tarkastellaan monipuolisesti yksil\u00f6iden ja perheiden itsehoidon, ammatillisen hoitoty\u00f6n, koulutuksen ja johtamisen n\u00e4k\u00f6kulmista.<\/p>\n<p>Hoitotiede on osa Tampereen yliopiston\u00a0yhteiskuntatieteellisen tiedekunnan\u00a0terveystieteiden yksikk\u00f6\u00e4, joka on monitieteinen terveyden koulutus- ja tutkimusyksikk\u00f6. Hoitotieteellinen tutkimus ja opetus tukee yhteiskuntatieteiden tiedekunnan tavoitteita, kuten pyrkimyst\u00e4 tunnistaa, ymm\u00e4rt\u00e4\u00e4 ja ratkaista hyvinvointihaasteita ja niihin liittyvi\u00e4 kysymyksi\u00e4. Hoitotieteellinen tutkimus tuo esiin asiakkaiden ja heid\u00e4n l\u00e4heistens\u00e4 \u00e4\u00e4nen yhteiskunnassa, palveluj\u00e4rjestelm\u00e4n kehitt\u00e4jien sek\u00e4 yhteiskunnallisen p\u00e4\u00e4t\u00f6ksenteon k\u00e4ytt\u00f6\u00f6n.<\/p>\n<p>Tiedekunnan tutkimuslinjausten tavoin my\u00f6s hoitotieteess\u00e4 yhdistet\u00e4\u00e4n vahva tieteenalaosaaminen ja uusille kysymyksille avoin monialainen tutkimus sek\u00e4 opetus. (<a href=\"https:\/\/www.tuni.fi\/fi\/tutustu-meihin\/hoitotiede\">Tampereen yliopisto<\/a>)<\/p>\n<h5><span style=\"font-weight: normal;\">Kansanterveystiede<\/span><\/h5>\n<p><span style=\"color: #000000;\">Kansanterveystiedett\u00e4<\/span> opiskelemaan voi hakea toisen asteen tutkinnolla. Tampereen yliopiston opiskelijoilla on vapaa sivuaineoikeus ja kansanterveystieteen opiskelijat valitsevat sivuaineekseen hyvin erilaisia kokonaisuuksia \u2013 voit opiskella melkein mit\u00e4 vain sivuaineena.\u00a0<\/p>\n<p>Kansanterveystieteen opinnoissa terveysalan asiantuntijuutesi kehittyy monitieteisill\u00e4 ja laaja-alaisilla sis\u00e4lt\u00f6opinnoilla, kuten terveys eri ik\u00e4kausina, terveyden edist\u00e4minen sek\u00e4 terveyspolitiikka. Opetusmenetelm\u00e4t ovat monipuoliset ja opiskelussa kartutat ty\u00f6el\u00e4m\u00e4taitoja, kuten viestint\u00e4valmiuksia, tiedonhankinta- ja ongelmanratkaisutaitoja sek\u00e4 kyky\u00e4 itsen\u00e4iseen ty\u00f6skentelyyn ja kokonaisuuksien hallintaan. Opintoihin kuuluvassa harjoittelussa sovellat oppimaasi k\u00e4yt\u00e4nn\u00f6n ty\u00f6el\u00e4m\u00e4\u00e4n. Opintojen aikana on mahdollista suorittaa my\u00f6s terveystiedon aineenhallinnan opintokokonaisuus. Lis\u00e4ksi voit suorittaa globaalin terveyden opintoja yhdess\u00e4 kansainv\u00e4listen maisteriopiskelijoiden kanssa.<\/p>\n<p>Opinnot suoritettuasi sinulla on monipuoliset valmiudet ty\u00f6skennell\u00e4 suunnittelu-, kehitt\u00e4mis-, tutkimus- ja johtamisteht\u00e4viss\u00e4 julkisissa ja yksityisiss\u00e4 organisaatioissa tai j\u00e4rjest\u00f6kent\u00e4ll\u00e4 terveysalan asiantuntijana ja vaikuttajana. Oman tutkinto-ohjelman opintojen lis\u00e4ksi voit hy\u00f6dynt\u00e4\u00e4 laajasti koko Tampereen korkeakouluyhteis\u00f6n opetustarjontaa opinnoissasi. (<a href=\"https:\/\/www.tuni.fi\/fi\/tule-opiskelemaan\/kansanterveystieteen-koulutus\">Tampereen yliopisto<\/a>)<\/p>\n<p>Lue lis\u00e4\u00e4 opintojen etenemismalleista sivuiltamme.<\/p>\n<h5 class=\"sc-e82a875a-0 cuGzFv\"><span style=\"font-weight: normal;\">Public and Global Health<\/span><\/h5>\n<p data-start=\"57\" data-end=\"476\">Kansainv\u00e4lisen Public and Global Health (PGH) -maisteriohjelman opiskelijana saat tiedot, taidot ja v\u00e4lineet ty\u00f6skennell\u00e4ksesi nykyp\u00e4iv\u00e4n ja tulevien terveyshaasteiden monimutkaisessa toimintaymp\u00e4rist\u00f6ss\u00e4. Ohjelma on osa yhteiskuntatieteiden tiedekunnan terveystieteiden yksik\u00f6n opetusta. N\u00e4in ollen monitieteinen public and global health -ohjelmamme yhdist\u00e4\u00e4 opintoja sek\u00e4 terveystieteist\u00e4 ett\u00e4 yhteiskuntatieteist\u00e4.<\/p>\n<p data-start=\"478\" data-end=\"1229\">Saat vahvan perustan kansanterveyden keskeisiss\u00e4 osa-alueissa \u2013 epidemiologiassa, terveyden edist\u00e4misess\u00e4, terveyspolitiikassa, terveyden suojelussa ja turvallisuudessa, terveysj\u00e4rjestelmiss\u00e4 sek\u00e4 terveystaloustieteess\u00e4. Lis\u00e4ksi syvenn\u00e4t osaamistasi globaalin terveyspolitiikan alalla sek\u00e4 ymm\u00e4rryst\u00e4 monitasoisen ja sektorirajat ylitt\u00e4v\u00e4n hallinnan ja terveyden v\u00e4lisist\u00e4 suhteista. Laaja kurssivalikoima mahdollistaa asiantuntijuuden kehitt\u00e4misen omilla kiinnostusalueillasi, kuten terveyden sosiaalisissa m\u00e4\u00e4ritt\u00e4jiss\u00e4, Health in All Policies (HiAP) -l\u00e4hestymistavassa, ik\u00e4\u00e4ntymisess\u00e4, sosiaaliturvassa, terveyden ja ymp\u00e4rist\u00f6n suhteessa, ty\u00f6ss\u00e4 ja terveydess\u00e4, kest\u00e4viss\u00e4 ruokaj\u00e4rjestelmiss\u00e4 sek\u00e4 globaalissa terveyspolitiikassa ja -hallinnassa.<\/p>\n<p data-start=\"1231\" data-end=\"1687\">Tampereen yliopiston kansainv\u00e4linen toimintaymp\u00e4rist\u00f6 sek\u00e4 ohjelmamme tukevat globaalin verkoston rakentamista ja kokemuksen hankkimista monikulttuurisissa ja monitieteisiss\u00e4 tiimeiss\u00e4 ty\u00f6skentelyst\u00e4. Teemme tiivist\u00e4 yhteisty\u00f6t\u00e4 yksikk\u00f6mme International Doctoral Programme in Epidemiology and Public Health (IPPE) -tohtoriohjelman kanssa. Voit soveltaa kursseilla oppimiasi taitoja ja kerrytt\u00e4\u00e4 k\u00e4yt\u00e4nn\u00f6n kokemusta harjoittelussa Suomessa tai ulkomailla. (<a href=\"https:\/\/www.tuni.fi\/en\/study-with-us\/public-and-global-health\">Tampereen yliopisto<\/a>)<\/p>\n<h5><span style=\"text-decoration: underline;\">Lis\u00e4\u00e4 tietoa terveystieteiden opiskelusta:<\/span><\/h5>\n<p>\u279c Tampereen yliopiston <a href=\"https:\/\/www.tuni.fi\/fi\/tule-opiskelemaan\/kansanterveystieteen-koulutus\">Kansanterveystieteiden<\/a> sivut<\/p>\n<p>\u279c Tampereen yliopiston <a href=\"https:\/\/www.tuni.fi\/fi\/tutustu-meihin\/hoitotiede\">Hoitotieteiden <\/a>sivuilta<\/p>\n<p>\u279c <a href=\"https:\/\/www.tuni.fi\/en\/study-with-us\/public-and-global-health\" target=\"_blank\" rel=\"noopener\">Public and Global Health<\/a>\u00a0Master&#8217;s programme<\/p>\n<p>\u279c <a href=\"https:\/\/www.tuni.fi\/fi\/tule-opiskelemaan\" target=\"_blank\" rel=\"noopener\">Opiskeleminen Tampereen yliopistossa<\/a>\u00a0<\/p>\n\n\n<div style=\"height:100px\" aria-hidden=\"true\" class=\"wp-block-spacer\"><\/div>\n\n\n\n<div class=\"wp-block-group alignfull has-background-color has-white-color has-primary-background-color has-text-color has-background has-link-color wp-elements-4b06006e0f63cf4b431d50fcba9fc30b is-content-justification-center is-nowrap is-layout-flex wp-container-core-group-is-layout-873c97bd wp-block-group-is-layout-flex\" style=\"min-height:40vh;margin-top:0;margin-bottom:0;padding-top:var(--wp--preset--spacing--60);padding-right:var(--wp--preset--spacing--40);padding-bottom:var(--wp--preset--spacing--60);padding-left:var(--wp--preset--spacing--40)\">\n<div class=\"wp-block-columns alignwide has-small-font-size is-layout-flex wp-container-core-columns-is-layout-9d6595d7 wp-block-columns-is-layout-flex\">\n<div class=\"wp-block-column is-vertically-aligned-stretch is-layout-flow wp-block-column-is-layout-flow\">\n<h6 class=\"wp-block-heading has-text-align-left has-text-color has-link-color wp-elements-4693bafea8af55bd64190d796a1924ce\" style=\"color:#ffffff;font-style:normal;font-weight:300\">Yhteystiedot<\/h6>\n\n\n\n<div class=\"wp-block-group is-vertical is-layout-flex wp-container-core-group-is-layout-8cf370e7 wp-block-group-is-layout-flex\" style=\"font-style:normal;font-weight:300\">\n<p>Terveystieteiden ainej\u00e4rjest\u00f6 Salus ry<\/p>\n\n\n\n<p>Tampereen yliopisto<\/p>\n\n\n\n<p>Arvo Ylp\u00f6n katu 34<\/p>\n\n\n\n<p>33520 Tampere<\/p>\n<\/div>\n\n\n\n<div style=\"height:24px\" aria-hidden=\"true\" class=\"wp-block-spacer\"><\/div>\n<\/div>\n\n\n\n<div class=\"wp-block-column is-layout-flow wp-block-column-is-layout-flow\">\n<h6 class=\"wp-block-heading has-text-align-left has-text-color has-link-color wp-elements-2c742c5d17627c76e0cac35e579c82d4\" style=\"color:#ffffff;font-style:normal;font-weight:300\">AINEJ\u00c4RJEST\u00d6TILA saltsu<\/h6>\n\n\n\n<div class=\"wp-block-group is-vertical is-layout-flex wp-container-core-group-is-layout-8cf370e7 wp-block-group-is-layout-flex\">\n<p>Kaupin kampus<\/p>\n\n\n\n<p>Huone F112<\/p>\n\n\n\n<p class=\"has-text-align-center\"><span style=\"caret-color: rgb(0, 0, 0); color: rgb(0, 0, 0); font-family: -webkit-standard; font-size: medium; white-space: normal;\">&nbsp;<\/span><\/p>\n\n\n\n<div class=\"wp-block-columns is-layout-flex wp-container-core-columns-is-layout-9d6595d7 wp-block-columns-is-layout-flex\">\n<div class=\"wp-block-column is-layout-flow wp-block-column-is-layout-flow\" style=\"flex-basis:100%\"><\/div>\n<\/div>\n<\/div>\n<\/div>\n\n\n\n<div class=\"wp-block-column is-layout-flow wp-block-column-is-layout-flow\">\n<h6 class=\"wp-block-heading has-text-align-left has-text-color has-link-color wp-elements-d20389efd47f8260095db7026ce8305e\" style=\"color:#fffefe;font-style:normal;font-weight:300\">somekanavat<\/h6>\n\n\n\n<ul class=\"wp-block-social-links has-large-icon-size has-icon-color has-icon-background-color is-style-default is-content-justification-left is-layout-flex wp-container-core-social-links-is-layout-fdcfc74e wp-block-social-links-is-layout-flex\"><li style=\"color:#ffffff;background-color:#000000;\" class=\"wp-social-link wp-social-link-instagram has-white-color has-primary-background-color wp-block-social-link\"><a href=\"https:\/\/www.instagram.com\/salusry\/\" class=\"wp-block-social-link-anchor\"><svg width=\"24\" height=\"24\" viewBox=\"0 0 24 24\" version=\"1.1\" xmlns=\"http:\/\/www.w3.org\/2000\/svg\" aria-hidden=\"true\" focusable=\"false\"><path d=\"M12,4.622c2.403,0,2.688,0.009,3.637,0.052c0.877,0.04,1.354,0.187,1.671,0.31c0.42,0.163,0.72,0.358,1.035,0.673 c0.315,0.315,0.51,0.615,0.673,1.035c0.123,0.317,0.27,0.794,0.31,1.671c0.043,0.949,0.052,1.234,0.052,3.637 s-0.009,2.688-0.052,3.637c-0.04,0.877-0.187,1.354-0.31,1.671c-0.163,0.42-0.358,0.72-0.673,1.035 c-0.315,0.315-0.615,0.51-1.035,0.673c-0.317,0.123-0.794,0.27-1.671,0.31c-0.949,0.043-1.233,0.052-3.637,0.052 s-2.688-0.009-3.637-0.052c-0.877-0.04-1.354-0.187-1.671-0.31c-0.42-0.163-0.72-0.358-1.035-0.673 c-0.315-0.315-0.51-0.615-0.673-1.035c-0.123-0.317-0.27-0.794-0.31-1.671C4.631,14.688,4.622,14.403,4.622,12 s0.009-2.688,0.052-3.637c0.04-0.877,0.187-1.354,0.31-1.671c0.163-0.42,0.358-0.72,0.673-1.035 c0.315-0.315,0.615-0.51,1.035-0.673c0.317-0.123,0.794-0.27,1.671-0.31C9.312,4.631,9.597,4.622,12,4.622 M12,3 C9.556,3,9.249,3.01,8.289,3.054C7.331,3.098,6.677,3.25,6.105,3.472C5.513,3.702,5.011,4.01,4.511,4.511 c-0.5,0.5-0.808,1.002-1.038,1.594C3.25,6.677,3.098,7.331,3.054,8.289C3.01,9.249,3,9.556,3,12c0,2.444,0.01,2.751,0.054,3.711 c0.044,0.958,0.196,1.612,0.418,2.185c0.23,0.592,0.538,1.094,1.038,1.594c0.5,0.5,1.002,0.808,1.594,1.038 c0.572,0.222,1.227,0.375,2.185,0.418C9.249,20.99,9.556,21,12,21s2.751-0.01,3.711-0.054c0.958-0.044,1.612-0.196,2.185-0.418 c0.592-0.23,1.094-0.538,1.594-1.038c0.5-0.5,0.808-1.002,1.038-1.594c0.222-0.572,0.375-1.227,0.418-2.185 C20.99,14.751,21,14.444,21,12s-0.01-2.751-0.054-3.711c-0.044-0.958-0.196-1.612-0.418-2.185c-0.23-0.592-0.538-1.094-1.038-1.594 c-0.5-0.5-1.002-0.808-1.594-1.038c-0.572-0.222-1.227-0.375-2.185-0.418C14.751,3.01,14.444,3,12,3L12,3z M12,7.378 c-2.552,0-4.622,2.069-4.622,4.622S9.448,16.622,12,16.622s4.622-2.069,4.622-4.622S14.552,7.378,12,7.378z M12,15 c-1.657,0-3-1.343-3-3s1.343-3,3-3s3,1.343,3,3S13.657,15,12,15z M16.804,6.116c-0.596,0-1.08,0.484-1.08,1.08 s0.484,1.08,1.08,1.08c0.596,0,1.08-0.484,1.08-1.08S17.401,6.116,16.804,6.116z\"><\/path><\/svg><span class=\"wp-block-social-link-label screen-reader-text\">Instagram<\/span><\/a><\/li>\n\n<li style=\"color:#ffffff;background-color:#000000;\" class=\"wp-social-link wp-social-link-tiktok has-white-color has-primary-background-color wp-block-social-link\"><a href=\"https:\/\/www.tiktok.com\/@salus_ry?_r=1&#038;_t=ZN-92yq11aWv3P\" class=\"wp-block-social-link-anchor\"><svg width=\"24\" height=\"24\" viewBox=\"0 0 32 32\" version=\"1.1\" xmlns=\"http:\/\/www.w3.org\/2000\/svg\" aria-hidden=\"true\" focusable=\"false\"><path d=\"M16.708 0.027c1.745-0.027 3.48-0.011 5.213-0.027 0.105 2.041 0.839 4.12 2.333 5.563 1.491 1.479 3.6 2.156 5.652 2.385v5.369c-1.923-0.063-3.855-0.463-5.6-1.291-0.76-0.344-1.468-0.787-2.161-1.24-0.009 3.896 0.016 7.787-0.025 11.667-0.104 1.864-0.719 3.719-1.803 5.255-1.744 2.557-4.771 4.224-7.88 4.276-1.907 0.109-3.812-0.411-5.437-1.369-2.693-1.588-4.588-4.495-4.864-7.615-0.032-0.667-0.043-1.333-0.016-1.984 0.24-2.537 1.495-4.964 3.443-6.615 2.208-1.923 5.301-2.839 8.197-2.297 0.027 1.975-0.052 3.948-0.052 5.923-1.323-0.428-2.869-0.308-4.025 0.495-0.844 0.547-1.485 1.385-1.819 2.333-0.276 0.676-0.197 1.427-0.181 2.145 0.317 2.188 2.421 4.027 4.667 3.828 1.489-0.016 2.916-0.88 3.692-2.145 0.251-0.443 0.532-0.896 0.547-1.417 0.131-2.385 0.079-4.76 0.095-7.145 0.011-5.375-0.016-10.735 0.025-16.093z\" \/><\/svg><span class=\"wp-block-social-link-label screen-reader-text\">TikTok<\/span><\/a><\/li>\n\n<li style=\"color:#ffffff;background-color:#000000;\" class=\"wp-social-link wp-social-link-linkedin has-white-color has-primary-background-color wp-block-social-link\"><a href=\"https:\/\/www.google.com\/url?sa=t&#038;source=web&#038;rct=j&#038;opi=89978449&#038;url=https:\/\/fi.linkedin.com\/in\/terveystieteiden-ainej%25C3%25A4rjest%25C3%25B6-salus-ry-927807139&#038;ved=2ahUKEwiDqd7Pt-iSAxVXIRAIHU9WA1AQFnoECBkQAQ&#038;usg=AOvVaw1iucUkVeuBb_uqkiIBkUm1\" class=\"wp-block-social-link-anchor\"><svg width=\"24\" height=\"24\" viewBox=\"0 0 24 24\" version=\"1.1\" xmlns=\"http:\/\/www.w3.org\/2000\/svg\" aria-hidden=\"true\" focusable=\"false\"><path d=\"M19.7,3H4.3C3.582,3,3,3.582,3,4.3v15.4C3,20.418,3.582,21,4.3,21h15.4c0.718,0,1.3-0.582,1.3-1.3V4.3 C21,3.582,20.418,3,19.7,3z M8.339,18.338H5.667v-8.59h2.672V18.338z M7.004,8.574c-0.857,0-1.549-0.694-1.549-1.548 c0-0.855,0.691-1.548,1.549-1.548c0.854,0,1.547,0.694,1.547,1.548C8.551,7.881,7.858,8.574,7.004,8.574z M18.339,18.338h-2.669 v-4.177c0-0.996-0.017-2.278-1.387-2.278c-1.389,0-1.601,1.086-1.601,2.206v4.249h-2.667v-8.59h2.559v1.174h0.037 c0.356-0.675,1.227-1.387,2.526-1.387c2.703,0,3.203,1.779,3.203,4.092V18.338z\"><\/path><\/svg><span class=\"wp-block-social-link-label screen-reader-text\">LinkedIn<\/span><\/a><\/li><\/ul>\n\n\n\n<p class=\"has-text-align-left\" style=\"font-size:14px\">Salus ry | <a href=\"https:\/\/drive.google.com\/file\/d\/1H2RSx44AHSTD1OdW5by_ktaQgFrsyEKg\/view\">J\u00e4sen\u2013 ja tapahtumarekisterin tietosuojaseloste<\/a> <\/p>\n<\/div>\n<\/div>\n<\/div>\n","protected":false},"excerpt":{"rendered":"<p>Terveystieteiden opiskelu Tampereen yliopistossa Tampereen yliopistossa terveystieteit\u00e4 voi opiskella p\u00e4\u00e4aineena hoitotiedett\u00e4 tai kansanterveystiedett\u00e4. Terveystieteiden yksikk\u00f6 Terveystieteiden yksik\u00f6ss\u00e4 opiskellaan monipuolisesti terveyteen, hyvinvointiin ja yhteiskuntaan liittyvi\u00e4 ilmi\u00f6it\u00e4. Opinnot ovat monitieteisi\u00e4 ja yhdist\u00e4v\u00e4t terveystieteit\u00e4 ja yhteiskuntatieteit\u00e4. Yksik\u00f6ss\u00e4 voi perehty\u00e4 muun muassa epidemiologiaan, biostatistiikkaan, gerontologiaan, hoitotieteeseen sek\u00e4 terveyden edist\u00e4miseen. Lis\u00e4ksi opintoihin kuuluu teemoja kuten globaali terveys, ty\u00f6 ja ymp\u00e4rist\u00f6 [&hellip;]<\/p>\n","protected":false},"author":1,"featured_media":0,"parent":74,"menu_order":1,"comment_status":"closed","ping_status":"closed","template":"","meta":{"footnotes":""},"class_list":["post-76","page","type-page","status-publish","hentry"],"_links":{"self":[{"href":"https:\/\/salusry.fi\/index.php\/wp-json\/wp\/v2\/pages\/76","targetHints":{"allow":["GET"]}}],"collection":[{"href":"https:\/\/salusry.fi\/index.php\/wp-json\/wp\/v2\/pages"}],"about":[{"href":"https:\/\/salusry.fi\/index.php\/wp-json\/wp\/v2\/types\/page"}],"author":[{"embeddable":true,"href":"https:\/\/salusry.fi\/index.php\/wp-json\/wp\/v2\/users\/1"}],"replies":[{"embeddable":true,"href":"https:\/\/salusry.fi\/index.php\/wp-json\/wp\/v2\/comments?post=76"}],"version-history":[{"count":27,"href":"https:\/\/salusry.fi\/index.php\/wp-json\/wp\/v2\/pages\/76\/revisions"}],"predecessor-version":[{"id":2711,"href":"https:\/\/salusry.fi\/index.php\/wp-json\/wp\/v2\/pages\/76\/revisions\/2711"}],"up":[{"embeddable":true,"href":"https:\/\/salusry.fi\/index.php\/wp-json\/wp\/v2\/pages\/74"}],"wp:attachment":[{"href":"https:\/\/salusry.fi\/index.php\/wp-json\/wp\/v2\/media?parent=76"}],"curies":[{"name":"wp","href":"https:\/\/api.w.org\/{rel}","templated":true}]}}